{"id":828,"date":"2021-08-16T15:08:02","date_gmt":"2021-08-16T18:08:02","guid":{"rendered":"https:\/\/festejo.art.br\/2021outubro\/?page_id=828"},"modified":"2021-10-20T10:39:44","modified_gmt":"2021-10-20T13:39:44","slug":"imprensa","status":"publish","type":"page","link":"https:\/\/festejo.art.br\/2021outubro\/imprensa\/","title":{"rendered":"Imprensa"},"content":{"rendered":"\t\t<div data-elementor-type=\"wp-page\" data-elementor-id=\"828\" class=\"elementor elementor-828\" data-elementor-settings=\"[]\">\n\t\t\t\t\t\t\t<div class=\"elementor-section-wrap\">\n\t\t\t\t\t\t\t<section class=\"elementor-section elementor-top-section elementor-element elementor-element-4fca988 elementor-section-height-min-height elementor-section-items-top elementor-section-boxed elementor-section-height-default\" data-id=\"4fca988\" data-element_type=\"section\" data-settings=\"{&quot;background_background&quot;:&quot;classic&quot;}\">\n\t\t\t\t\t\t<div class=\"elementor-container elementor-column-gap-no\">\n\t\t\t\t\t<div class=\"elementor-column elementor-col-33 elementor-top-column elementor-element elementor-element-65e7686\" data-id=\"65e7686\" data-element_type=\"column\">\n\t\t\t<div class=\"elementor-widget-wrap\">\n\t\t\t\t\t\t\t\t\t<\/div>\n\t\t<\/div>\n\t\t\t\t<div class=\"elementor-column elementor-col-33 elementor-top-column elementor-element elementor-element-3d0857c\" data-id=\"3d0857c\" data-element_type=\"column\" data-settings=\"{&quot;background_background&quot;:&quot;classic&quot;}\">\n\t\t\t<div class=\"elementor-widget-wrap elementor-element-populated\">\n\t\t\t\t\t\t\t\t<section class=\"elementor-section elementor-inner-section elementor-element elementor-element-aa632d4 elementor-section-height-min-height elementor-section-boxed elementor-section-height-default\" data-id=\"aa632d4\" data-element_type=\"section\">\n\t\t\t\t\t\t<div class=\"elementor-container elementor-column-gap-default\">\n\t\t\t\t\t<div class=\"elementor-column elementor-col-100 elementor-inner-column elementor-element elementor-element-57709f2\" data-id=\"57709f2\" data-element_type=\"column\">\n\t\t\t<div class=\"elementor-widget-wrap elementor-element-populated\">\n\t\t\t\t\t\t\t\t<div class=\"elementor-element elementor-element-4bc5183 elementor-hidden-desktop elementor-widget elementor-widget-image\" data-id=\"4bc5183\" data-element_type=\"widget\" data-widget_type=\"image.default\">\n\t\t\t\t<div class=\"elementor-widget-container\">\n\t\t\t\t\t\t\t\t\t\t\t\t\t\t\t<img loading=\"lazy\" decoding=\"async\" width=\"207\" height=\"300\" src=\"https:\/\/festejo.art.br\/2021outubro\/wp-content\/uploads\/2021\/09\/logo-min.png\" class=\"attachment-large size-large\" alt=\"\" \/>\t\t\t\t\t\t\t\t\t\t\t\t\t\t\t<\/div>\n\t\t\t\t<\/div>\n\t\t\t\t<div class=\"elementor-element elementor-element-02de355 elementor-widget elementor-widget-heading\" data-id=\"02de355\" data-element_type=\"widget\" data-widget_type=\"heading.default\">\n\t\t\t\t<div class=\"elementor-widget-container\">\n\t\t\t<h2 class=\"elementor-heading-title elementor-size-default\">Em outubro tamb\u00e9m tem<br><b>FESTEJO DO TAMBOR MINEIRO:<\/b><br> terceiro m\u00eas de programa\u00e7\u00e3o online e gratuita tem apresenta\u00e7\u00f5es de m\u00fasica, dan\u00e7a e circo\n<\/h2>\t\t<\/div>\n\t\t\t\t<\/div>\n\t\t\t\t<div class=\"elementor-element elementor-element-3410af7 elementor-widget elementor-widget-text-editor\" data-id=\"3410af7\" data-element_type=\"widget\" data-widget_type=\"text-editor.default\">\n\t\t\t\t<div class=\"elementor-widget-container\">\n\t\t\t\t\t\t\t<p><span style=\"font-weight: 300;\">Entre os dias <\/span><b>27 e 31 de outubro<\/b><span style=\"font-weight: 300;\">, quarta-feira a domingo, o <\/span><b>Festejo do Tambor Mineiro apresenta ao p\u00fablico <\/b><span style=\"font-weight: 400;\">um novo m\u00eas de <\/span><b>programa\u00e7\u00e3o online e gratuita,<\/b><span style=\"font-weight: 400;\"> com <\/span><b>shows<\/b><span style=\"font-weight: 400;\"> de J\u00e9ssica Gaspar, Maur\u00edcio Tizumba, S\u00e9rgio Perer\u00ea e convidados, al\u00e9m de dias dedicados \u00e0 <\/span><b>dan\u00e7a e ao circo<\/b><span style=\"font-weight: 400;\">. Os shows ser\u00e3o transmitidos ao vivo pelo <\/span><b>canal do Festejo do Tambor Mineiro <\/b><span style=\"font-weight: 400;\">no YouTube (youtube.com\/festejotambormineiro), <\/span><b>sempre \u00e0s 20 horas<\/b><span style=\"font-weight: 400;\">.<\/span><\/p><p><span style=\"font-weight: 300;\">Idealizado por <\/span><b>Mauricio Tizumba<\/b><span style=\"font-weight: 300;\"> e <\/span><b>realizado desde 2002 <\/b><span style=\"font-weight: 300;\">nas ruas do bairro Prado, este \u00e9 o segundo ano do evento em formato virtual em virtude da pandemia da covid-19. Reafirmando o compromisso de difus\u00e3o e valoriza\u00e7\u00e3o da cultura afro-mineira, a programa\u00e7\u00e3o do projeto em 2021 teve in\u00edcio em agosto, com quatro apresenta\u00e7\u00f5es de m\u00fasica, cultura popular e circo. Em setembro, shows e oficina gratuitos fizeram parte da grade de atividades.<\/span><\/p><p><span style=\"font-weight: 300;\">Quem abre a programa\u00e7\u00e3o de outubro \u00e9 a cantora <\/span><b>J\u00e9ssica Gaspar<\/b><span style=\"font-weight: 300;\">. Ela apresenta o show <\/span><b>\u00c1GUAS DE MAIO<\/b><span style=\"font-weight: 300;\"> no <\/span><b>dia 27, quarta-feira<\/b><span style=\"font-weight: 300;\">, \u00e0s 20 horas, com <\/span><b>participa\u00e7\u00e3o de S\u00e9rgio Perer\u00ea e Acau\u00e3 Rane<\/b><span style=\"font-weight: 300;\">.\u00a0<\/span><\/p><p><span style=\"font-weight: 300;\">Na quinta-feira, dia <\/span><b>28\/10<\/b><span style=\"font-weight: 300;\">, \u00e9 dia de <\/span><b>SAMBA DE PRETO VELHO<\/b><span style=\"font-weight: 300;\">, com <\/span><b>S\u00e9rgio Perer\u00ea<\/b><span style=\"font-weight: 300;\">. Ele convida para dividir o palco os m\u00fasicos Acau\u00e3 Rane, Daniel Guedes, Ney Corr\u00eaa, Rafael Di Souza, Rodrigo Martins e Rudney Carvalho, e as cantoras Fran Janu\u00e1rio e Vivi Amaral.<\/span><\/p><p><span style=\"font-weight: 300;\">Quem vem na sexta-feira, dia <\/span><b>29\/10<\/b><span style=\"font-weight: 300;\">, \u00e9 <\/span><b>Mauricio Tizumba<\/b><span style=\"font-weight: 300;\"> com o show <\/span><b>UMBANDA<\/b><span style=\"font-weight: 300;\">, com participa\u00e7\u00e3o do tamb\u00e9m multi-instrumentista <\/span><b>Everton Coron\u00e9.<\/b><\/p><p><span style=\"font-weight: 300;\">S\u00e1bado, <\/span><b>30\/10<\/b><span style=\"font-weight: 300;\">, \u00e9 dia de<\/span><b> DAN\u00c7A, <\/b><span style=\"font-weight: 300;\">com performances de Culu, Fernando Black A, J\u00falia Belo, May\u00ed, Raquel Cabaneco e Suellen Sampaio.\u00a0<\/span><\/p><p><span style=\"font-weight: 300;\">Fechando a programa\u00e7\u00e3o do m\u00eas, domingo, dia <\/span><b>31\/10<\/b><span style=\"font-weight: 300;\">, \u00e9 a vez do<\/span><b> CIRCO<\/b><span style=\"font-weight: 300;\">, com performances de Bianca Moreira, Fernanda Flores, Francine Veitenheimer, Jocasta Roque, Laranjinha, Nat\u00e1lia Carvalho e participa\u00e7\u00e3o de Johnny Herno.\u00a0<\/span><\/p><p><span style=\"font-weight: 300;\">A programa\u00e7\u00e3o de outubro do projeto Festejo Tambor Mineiro \u00e9 viabilizada pela Lei Aldir Blanc, Edital 16\/20, no \u00e2mbito do Estado de Minas Gerais.<\/span><\/p>\t\t\t\t\t\t<\/div>\n\t\t\t\t<\/div>\n\t\t\t\t<div class=\"elementor-element elementor-element-4a6c834 elementor-widget elementor-widget-heading\" data-id=\"4a6c834\" data-element_type=\"widget\" data-widget_type=\"heading.default\">\n\t\t\t\t<div class=\"elementor-widget-container\">\n\t\t\t<h2 class=\"elementor-heading-title elementor-size-default\">SOBRE O FESTEJO DO TAMBOR MINEIRO<\/h2>\t\t<\/div>\n\t\t\t\t<\/div>\n\t\t\t\t<div class=\"elementor-element elementor-element-408c22c elementor-widget elementor-widget-text-editor\" data-id=\"408c22c\" data-element_type=\"widget\" data-widget_type=\"text-editor.default\">\n\t\t\t\t<div class=\"elementor-widget-container\">\n\t\t\t\t\t\t\t<p><span style=\"font-weight: 300;\">Idealizado por Mauricio Tizumba e realizado desde 2002 nas ruas do bairro Prado, o Festejo do Tambor Mineiro \u00e9 hoje um dos principais festivais culturais da cidade. Com o objetivo de difundir e valorizar a cultura afro-mineira, re\u00fane anualmente guardas de congado de BH e do interior de Minas, grupos percussivos, grandes nomes da m\u00fasica afro-brasileira, feira de artesanato e de comidas, atraindo um p\u00fablico de cerca de 10 mil pessoas a cada edi\u00e7\u00e3o. O festival faz parte do calend\u00e1rio oficial de Belo Horizonte.<\/span><\/p>\t\t\t\t\t\t<\/div>\n\t\t\t\t<\/div>\n\t\t\t\t<div class=\"elementor-element elementor-element-86d7af8 elementor-widget elementor-widget-heading\" data-id=\"86d7af8\" data-element_type=\"widget\" data-widget_type=\"heading.default\">\n\t\t\t\t<div class=\"elementor-widget-container\">\n\t\t\t<h2 class=\"elementor-heading-title elementor-size-default\">SERVI\u00c7O<\/h2>\t\t<\/div>\n\t\t\t\t<\/div>\n\t\t\t\t<div class=\"elementor-element elementor-element-5a2879c elementor-widget elementor-widget-text-editor\" data-id=\"5a2879c\" data-element_type=\"widget\" data-widget_type=\"text-editor.default\">\n\t\t\t\t<div class=\"elementor-widget-container\">\n\t\t\t\t\t\t\t<p><b>FESTEJO DO TAMBOR MINEIRO<\/b><span style=\"font-weight: 300;\"> . 2021<\/span><span style=\"font-weight: 300;\"><br \/><\/span><span style=\"font-weight: 300;\">de 27 a 31\/10, online e gratuito pelo <\/span><b>canal do Festejo do Tambor Mineiro no YouTube<\/b><span style=\"font-weight: 300;\"> (<\/span><a href=\"http:\/\/youtube.com\/festejotambormineiro\"><span style=\"font-weight: 300;\">youtube.com\/festejotambormineiro<\/span><\/a><span style=\"font-weight: 300;\">)<\/span><span style=\"font-weight: 300;\"><br \/><\/span><\/p>\t\t\t\t\t\t<\/div>\n\t\t\t\t<\/div>\n\t\t\t\t<div class=\"elementor-element elementor-element-e17fbb1 elementor-widget elementor-widget-button\" data-id=\"e17fbb1\" data-element_type=\"widget\" data-widget_type=\"button.default\">\n\t\t\t\t<div class=\"elementor-widget-container\">\n\t\t\t\t\t<div class=\"elementor-button-wrapper\">\n\t\t\t<a href=\"https:\/\/festejo.art.br\/2021outubro\/\" class=\"elementor-button-link elementor-button elementor-size-sm\" role=\"button\">\n\t\t\t\t\t\t<span class=\"elementor-button-content-wrapper\">\n\t\t\t\t\t\t<span class=\"elementor-button-text\">Confira a programa\u00e7\u00e3o completa<\/span>\n\t\t<\/span>\n\t\t\t\t\t<\/a>\n\t\t<\/div>\n\t\t\t\t<\/div>\n\t\t\t\t<\/div>\n\t\t\t\t<div class=\"elementor-element elementor-element-729bd99 elementor-widget elementor-widget-heading\" data-id=\"729bd99\" data-element_type=\"widget\" data-widget_type=\"heading.default\">\n\t\t\t\t<div class=\"elementor-widget-container\">\n\t\t\t<h2 class=\"elementor-heading-title elementor-size-default\">Informa\u00e7\u00f5es para a imprensa - Luz Comunica\u00e7\u00e3o<\/h2>\t\t<\/div>\n\t\t\t\t<\/div>\n\t\t\t\t<div class=\"elementor-element elementor-element-2cd8116 elementor-widget elementor-widget-text-editor\" data-id=\"2cd8116\" data-element_type=\"widget\" data-widget_type=\"text-editor.default\">\n\t\t\t\t<div class=\"elementor-widget-container\">\n\t\t\t\t\t\t\t<p>Atendimento: Wandra Ara\u00fajo &#8211; luzcomunicacaoimprensa@gmail.com &#8211; 31 999645007<\/p><p>Coordena\u00e7\u00e3o: Jozane Faleiro &#8211; jozane@luzcomunicacao.com.br &#8211; 31 992046367<\/p><p><br \/><br \/><\/p>\t\t\t\t\t\t<\/div>\n\t\t\t\t<\/div>\n\t\t\t\t\t<\/div>\n\t\t<\/div>\n\t\t\t\t\t\t\t<\/div>\n\t\t<\/section>\n\t\t\t\t\t<\/div>\n\t\t<\/div>\n\t\t\t\t<div class=\"elementor-column elementor-col-33 elementor-top-column elementor-element elementor-element-d418589\" data-id=\"d418589\" data-element_type=\"column\">\n\t\t\t<div class=\"elementor-widget-wrap\">\n\t\t\t\t\t\t\t\t\t<\/div>\n\t\t<\/div>\n\t\t\t\t\t\t\t<\/div>\n\t\t<\/section>\n\t\t\t\t<section class=\"elementor-section elementor-top-section elementor-element elementor-element-37a5fce elementor-section-boxed elementor-section-height-default elementor-section-height-default\" data-id=\"37a5fce\" data-element_type=\"section\">\n\t\t\t\t\t\t<div class=\"elementor-container elementor-column-gap-default\">\n\t\t\t\t\t<div class=\"elementor-column elementor-col-100 elementor-top-column elementor-element elementor-element-56c486b\" data-id=\"56c486b\" data-element_type=\"column\">\n\t\t\t<div class=\"elementor-widget-wrap elementor-element-populated\">\n\t\t\t\t\t\t\t\t<div class=\"elementor-element elementor-element-b9971fb elementor-shape-circle e-grid-align-right e-grid-align-mobile-left elementor-grid-0 elementor-widget elementor-widget-social-icons\" data-id=\"b9971fb\" data-element_type=\"widget\" data-widget_type=\"social-icons.default\">\n\t\t\t\t<div class=\"elementor-widget-container\">\n\t\t\t\t\t<div class=\"elementor-social-icons-wrapper elementor-grid\">\n\t\t\t\t\t\t\t<span class=\"elementor-grid-item\">\n\t\t\t\t\t<a class=\"elementor-icon elementor-social-icon elementor-social-icon-facebook elementor-repeater-item-d533e3a\" href=\"https:\/\/www.facebook.com\/festejotambormineiro\/\" target=\"_blank\">\n\t\t\t\t\t\t<span class=\"elementor-screen-only\">Facebook<\/span>\n\t\t\t\t\t\t<i class=\"fab fa-facebook\"><\/i>\t\t\t\t\t<\/a>\n\t\t\t\t<\/span>\n\t\t\t\t\t\t\t<span class=\"elementor-grid-item\">\n\t\t\t\t\t<a class=\"elementor-icon elementor-social-icon elementor-social-icon-instagram elementor-repeater-item-a60936e\" href=\"https:\/\/www.instagram.com\/festejotambormineiro\/\" target=\"_blank\">\n\t\t\t\t\t\t<span class=\"elementor-screen-only\">Instagram<\/span>\n\t\t\t\t\t\t<i class=\"fab fa-instagram\"><\/i>\t\t\t\t\t<\/a>\n\t\t\t\t<\/span>\n\t\t\t\t\t\t\t<span class=\"elementor-grid-item\">\n\t\t\t\t\t<a class=\"elementor-icon elementor-social-icon elementor-social-icon-youtube elementor-repeater-item-b6eb838\" href=\"https:\/\/www.youtube.com\/festejotambormineiro\" target=\"_blank\">\n\t\t\t\t\t\t<span class=\"elementor-screen-only\">Youtube<\/span>\n\t\t\t\t\t\t<i class=\"fab fa-youtube\"><\/i>\t\t\t\t\t<\/a>\n\t\t\t\t<\/span>\n\t\t\t\t\t\t\t<span class=\"elementor-grid-item\">\n\t\t\t\t\t<a class=\"elementor-icon elementor-social-icon elementor-social-icon-envelope elementor-repeater-item-d431c3a\" href=\"mailto:festejo@napele.com.br\" target=\"_blank\">\n\t\t\t\t\t\t<span class=\"elementor-screen-only\">Envelope<\/span>\n\t\t\t\t\t\t<i class=\"fas fa-envelope\"><\/i>\t\t\t\t\t<\/a>\n\t\t\t\t<\/span>\n\t\t\t\t\t<\/div>\n\t\t\t\t<\/div>\n\t\t\t\t<\/div>\n\t\t\t\t<div class=\"elementor-element elementor-element-727f2d3 elementor-widget elementor-widget-text-editor\" data-id=\"727f2d3\" data-element_type=\"widget\" data-widget_type=\"text-editor.default\">\n\t\t\t\t<div class=\"elementor-widget-container\">\n\t\t\t\t\t\t\t<p>festejo@napele.com.br<\/p>\t\t\t\t\t\t<\/div>\n\t\t\t\t<\/div>\n\t\t\t\t<div class=\"elementor-element elementor-element-b0f0fcf elementor-hidden-phone elementor-widget elementor-widget-image\" data-id=\"b0f0fcf\" data-element_type=\"widget\" data-widget_type=\"image.default\">\n\t\t\t\t<div class=\"elementor-widget-container\">\n\t\t\t\t\t\t\t\t\t\t\t\t\t\t\t<img loading=\"lazy\" decoding=\"async\" width=\"800\" height=\"146\" src=\"https:\/\/festejo.art.br\/2021outubro\/wp-content\/uploads\/2021\/10\/logos_rodape_out.jpg\" class=\"attachment-large size-large\" alt=\"\" srcset=\"https:\/\/festejo.art.br\/2021outubro\/wp-content\/uploads\/2021\/10\/logos_rodape_out.jpg 900w, https:\/\/festejo.art.br\/2021outubro\/wp-content\/uploads\/2021\/10\/logos_rodape_out-300x55.jpg 300w, https:\/\/festejo.art.br\/2021outubro\/wp-content\/uploads\/2021\/10\/logos_rodape_out-768x140.jpg 768w\" sizes=\"(max-width: 800px) 100vw, 800px\" \/>\t\t\t\t\t\t\t\t\t\t\t\t\t\t\t<\/div>\n\t\t\t\t<\/div>\n\t\t\t\t<div class=\"elementor-element elementor-element-bc5baef elementor-hidden-desktop elementor-hidden-tablet elementor-widget elementor-widget-image\" data-id=\"bc5baef\" data-element_type=\"widget\" data-widget_type=\"image.default\">\n\t\t\t\t<div class=\"elementor-widget-container\">\n\t\t\t\t\t\t\t\t\t\t\t\t\t\t\t<img loading=\"lazy\" decoding=\"async\" width=\"361\" height=\"460\" src=\"https:\/\/festejo.art.br\/2021outubro\/wp-content\/uploads\/2021\/10\/logos_rodape_mobile_out.jpg\" class=\"attachment-large size-large\" alt=\"\" srcset=\"https:\/\/festejo.art.br\/2021outubro\/wp-content\/uploads\/2021\/10\/logos_rodape_mobile_out.jpg 361w, https:\/\/festejo.art.br\/2021outubro\/wp-content\/uploads\/2021\/10\/logos_rodape_mobile_out-235x300.jpg 235w\" sizes=\"(max-width: 361px) 100vw, 361px\" \/>\t\t\t\t\t\t\t\t\t\t\t\t\t\t\t<\/div>\n\t\t\t\t<\/div>\n\t\t\t\t\t<\/div>\n\t\t<\/div>\n\t\t\t\t\t\t\t<\/div>\n\t\t<\/section>\n\t\t\t\t\t\t<\/div>\n\t\t\t\t\t<\/div>\n\t\t","protected":false},"excerpt":{"rendered":"<p>Em outubro tamb\u00e9m temFESTEJO DO TAMBOR MINEIRO: terceiro m\u00eas de programa\u00e7\u00e3o online e gratuita tem apresenta\u00e7\u00f5es de m\u00fasica, dan\u00e7a e circo Entre os dias 27 e 31 de outubro, quarta-feira a domingo, o Festejo do Tambor Mineiro apresenta ao p\u00fablico um novo m\u00eas de programa\u00e7\u00e3o online e gratuita, com shows de J\u00e9ssica Gaspar, Maur\u00edcio Tizumba, [&hellip;]<\/p>\n","protected":false},"author":1,"featured_media":0,"parent":0,"menu_order":0,"comment_status":"closed","ping_status":"closed","template":"elementor_header_footer","meta":{"footnotes":""},"_links":{"self":[{"href":"https:\/\/festejo.art.br\/2021outubro\/wp-json\/wp\/v2\/pages\/828"}],"collection":[{"href":"https:\/\/festejo.art.br\/2021outubro\/wp-json\/wp\/v2\/pages"}],"about":[{"href":"https:\/\/festejo.art.br\/2021outubro\/wp-json\/wp\/v2\/types\/page"}],"author":[{"embeddable":true,"href":"https:\/\/festejo.art.br\/2021outubro\/wp-json\/wp\/v2\/users\/1"}],"replies":[{"embeddable":true,"href":"https:\/\/festejo.art.br\/2021outubro\/wp-json\/wp\/v2\/comments?post=828"}],"version-history":[{"count":34,"href":"https:\/\/festejo.art.br\/2021outubro\/wp-json\/wp\/v2\/pages\/828\/revisions"}],"predecessor-version":[{"id":1122,"href":"https:\/\/festejo.art.br\/2021outubro\/wp-json\/wp\/v2\/pages\/828\/revisions\/1122"}],"wp:attachment":[{"href":"https:\/\/festejo.art.br\/2021outubro\/wp-json\/wp\/v2\/media?parent=828"}],"curies":[{"name":"wp","href":"https:\/\/api.w.org\/{rel}","templated":true}]}}