{"id":696,"date":"2021-08-16T12:42:05","date_gmt":"2021-08-16T15:42:05","guid":{"rendered":"https:\/\/festejo.art.br\/2021setembro\/?page_id=696"},"modified":"2021-09-10T13:58:16","modified_gmt":"2021-09-10T16:58:16","slug":"patrocinio","status":"publish","type":"page","link":"https:\/\/festejo.art.br\/2021setembro\/patrocinio\/","title":{"rendered":"Patroc\u00ednio"},"content":{"rendered":"\t\t<div data-elementor-type=\"wp-page\" data-elementor-id=\"696\" class=\"elementor elementor-696\" data-elementor-settings=\"[]\">\n\t\t\t\t\t\t\t<div class=\"elementor-section-wrap\">\n\t\t\t\t\t\t\t<section class=\"elementor-section elementor-top-section elementor-element elementor-element-4fca988 elementor-section-height-min-height elementor-section-items-top elementor-section-boxed elementor-section-height-default\" data-id=\"4fca988\" data-element_type=\"section\" data-settings=\"{&quot;background_background&quot;:&quot;classic&quot;}\">\n\t\t\t\t\t\t<div class=\"elementor-container elementor-column-gap-no\">\n\t\t\t\t\t<div class=\"elementor-column elementor-col-33 elementor-top-column elementor-element elementor-element-65e7686\" data-id=\"65e7686\" data-element_type=\"column\">\n\t\t\t<div class=\"elementor-widget-wrap\">\n\t\t\t\t\t\t\t\t\t<\/div>\n\t\t<\/div>\n\t\t\t\t<div class=\"elementor-column elementor-col-33 elementor-top-column elementor-element elementor-element-3d0857c\" data-id=\"3d0857c\" data-element_type=\"column\" data-settings=\"{&quot;background_background&quot;:&quot;classic&quot;}\">\n\t\t\t<div class=\"elementor-widget-wrap elementor-element-populated\">\n\t\t\t\t\t\t\t\t<section class=\"elementor-section elementor-inner-section elementor-element elementor-element-aa632d4 elementor-section-height-min-height elementor-section-boxed elementor-section-height-default\" data-id=\"aa632d4\" data-element_type=\"section\">\n\t\t\t\t\t\t<div class=\"elementor-container elementor-column-gap-default\">\n\t\t\t\t\t<div class=\"elementor-column elementor-col-100 elementor-inner-column elementor-element elementor-element-57709f2\" data-id=\"57709f2\" data-element_type=\"column\">\n\t\t\t<div class=\"elementor-widget-wrap elementor-element-populated\">\n\t\t\t\t\t\t\t\t<div class=\"elementor-element elementor-element-3eed4b5 elementor-hidden-desktop elementor-widget elementor-widget-image\" data-id=\"3eed4b5\" data-element_type=\"widget\" data-widget_type=\"image.default\">\n\t\t\t\t<div class=\"elementor-widget-container\">\n\t\t\t\t\t\t\t\t\t\t\t\t\t\t\t<img loading=\"lazy\" decoding=\"async\" width=\"207\" height=\"300\" src=\"https:\/\/festejo.art.br\/2021setembro\/wp-content\/uploads\/2021\/09\/logo-min.png\" class=\"attachment-large size-large\" alt=\"\" \/>\t\t\t\t\t\t\t\t\t\t\t\t\t\t\t<\/div>\n\t\t\t\t<\/div>\n\t\t\t\t<div class=\"elementor-element elementor-element-a53e7e7 elementor-widget elementor-widget-heading\" data-id=\"a53e7e7\" data-element_type=\"widget\" data-widget_type=\"heading.default\">\n\t\t\t\t<div class=\"elementor-widget-container\">\n\t\t\t<h2 class=\"elementor-heading-title elementor-size-default\">PATROC\u00cdNIO<\/h2>\t\t<\/div>\n\t\t\t\t<\/div>\n\t\t\t\t<div class=\"elementor-element elementor-element-cade422 elementor-widget elementor-widget-text-editor\" data-id=\"cade422\" data-element_type=\"widget\" data-widget_type=\"text-editor.default\">\n\t\t\t\t<div class=\"elementor-widget-container\">\n\t\t\t\t\t\t\t<p><b>INSTITUTO UNIMED BH<\/b><\/p><p><span style=\"font-weight: 300;\">Associa\u00e7\u00e3o sem fins lucrativos, o Instituto Unimed-BH, desde 2003, desenvolve projetos socioculturais e ambientais visando a forma\u00e7\u00e3o da cidadania, estimular o bem-estar e a qualidade de vida das pessoas, ampliar o acesso \u00e0 cultura, valorizar espa\u00e7os p\u00fablicos e o meio ambiente. Ao longo de sua hist\u00f3ria, o Instituto destinou cerca de R$140 milh\u00f5es por meio das Leis municipal e federal de Incentivo \u00e0 Cultura, viabilizado pelo patroc\u00ednio de mais de 5,2 mil m\u00e9dicos cooperados e colaboradores.<\/span><\/p><p><span style=\"font-weight: 300;\">No \u00faltimo ano, mais de 7 mil postos de trabalho foram gerados e 3,9 milh\u00f5es pessoas foram alcan\u00e7adas por meio de projetos em cinco linhas de atua\u00e7\u00e3o: Comunidade, Voluntariado, Meio Ambiente, Ado\u00e7\u00e3o de Espa\u00e7os P\u00fablicos e Cultura, que est\u00e3o alinhados aos Objetivos de Desenvolvimento Sustent\u00e1vel da Agenda 2030.<\/span><\/p><p><span style=\"font-weight: 300;\">Neste ano, todas as iniciativas do Instituto celebram os 50 anos da Unimed\u2011BH. <\/span><a href=\"https:\/\/resultadosinstituto.unimedbh.com.br\/2020\/\"><span style=\"font-weight: 300;\">Clique aqui<\/span><\/a><span style=\"font-weight: 300;\"> e conhe\u00e7a mais sobre os resultados do Instituto Unimed-BH.<\/span><\/p>\t\t\t\t\t\t<\/div>\n\t\t\t\t<\/div>\n\t\t\t\t\t<\/div>\n\t\t<\/div>\n\t\t\t\t\t\t\t<\/div>\n\t\t<\/section>\n\t\t\t\t\t<\/div>\n\t\t<\/div>\n\t\t\t\t<div class=\"elementor-column elementor-col-33 elementor-top-column elementor-element elementor-element-d418589\" data-id=\"d418589\" data-element_type=\"column\">\n\t\t\t<div class=\"elementor-widget-wrap\">\n\t\t\t\t\t\t\t\t\t<\/div>\n\t\t<\/div>\n\t\t\t\t\t\t\t<\/div>\n\t\t<\/section>\n\t\t\t\t<section class=\"elementor-section elementor-top-section elementor-element elementor-element-b4e81e8 elementor-section-boxed elementor-section-height-default elementor-section-height-default\" data-id=\"b4e81e8\" data-element_type=\"section\">\n\t\t\t\t\t\t<div class=\"elementor-container elementor-column-gap-default\">\n\t\t\t\t\t<div class=\"elementor-column elementor-col-100 elementor-top-column elementor-element elementor-element-976940a\" data-id=\"976940a\" data-element_type=\"column\">\n\t\t\t<div class=\"elementor-widget-wrap elementor-element-populated\">\n\t\t\t\t\t\t\t\t<div class=\"elementor-element elementor-element-e15882d elementor-shape-circle e-grid-align-right e-grid-align-mobile-left elementor-grid-0 elementor-widget elementor-widget-social-icons\" data-id=\"e15882d\" data-element_type=\"widget\" data-widget_type=\"social-icons.default\">\n\t\t\t\t<div class=\"elementor-widget-container\">\n\t\t\t\t\t<div class=\"elementor-social-icons-wrapper elementor-grid\">\n\t\t\t\t\t\t\t<span class=\"elementor-grid-item\">\n\t\t\t\t\t<a class=\"elementor-icon elementor-social-icon elementor-social-icon-facebook elementor-repeater-item-d533e3a\" href=\"https:\/\/www.facebook.com\/festejotambormineiro\/\" target=\"_blank\">\n\t\t\t\t\t\t<span class=\"elementor-screen-only\">Facebook<\/span>\n\t\t\t\t\t\t<i class=\"fab fa-facebook\"><\/i>\t\t\t\t\t<\/a>\n\t\t\t\t<\/span>\n\t\t\t\t\t\t\t<span class=\"elementor-grid-item\">\n\t\t\t\t\t<a class=\"elementor-icon elementor-social-icon elementor-social-icon-instagram elementor-repeater-item-a60936e\" href=\"https:\/\/www.instagram.com\/festejotambormineiro\/\" target=\"_blank\">\n\t\t\t\t\t\t<span class=\"elementor-screen-only\">Instagram<\/span>\n\t\t\t\t\t\t<i class=\"fab fa-instagram\"><\/i>\t\t\t\t\t<\/a>\n\t\t\t\t<\/span>\n\t\t\t\t\t\t\t<span class=\"elementor-grid-item\">\n\t\t\t\t\t<a class=\"elementor-icon elementor-social-icon elementor-social-icon-youtube elementor-repeater-item-b6eb838\" href=\"https:\/\/www.youtube.com\/festejotambormineiro\" target=\"_blank\">\n\t\t\t\t\t\t<span class=\"elementor-screen-only\">Youtube<\/span>\n\t\t\t\t\t\t<i class=\"fab fa-youtube\"><\/i>\t\t\t\t\t<\/a>\n\t\t\t\t<\/span>\n\t\t\t\t\t\t\t<span class=\"elementor-grid-item\">\n\t\t\t\t\t<a class=\"elementor-icon elementor-social-icon elementor-social-icon-envelope elementor-repeater-item-d431c3a\" href=\"mailto:festejo@napele.com.br\" target=\"_blank\">\n\t\t\t\t\t\t<span class=\"elementor-screen-only\">Envelope<\/span>\n\t\t\t\t\t\t<i class=\"fas fa-envelope\"><\/i>\t\t\t\t\t<\/a>\n\t\t\t\t<\/span>\n\t\t\t\t\t<\/div>\n\t\t\t\t<\/div>\n\t\t\t\t<\/div>\n\t\t\t\t<div class=\"elementor-element elementor-element-7fc98d7 elementor-widget elementor-widget-text-editor\" data-id=\"7fc98d7\" data-element_type=\"widget\" data-widget_type=\"text-editor.default\">\n\t\t\t\t<div class=\"elementor-widget-container\">\n\t\t\t\t\t\t\t<p>festejo@napele.com.br<\/p>\t\t\t\t\t\t<\/div>\n\t\t\t\t<\/div>\n\t\t\t\t<div class=\"elementor-element elementor-element-3ef09f9 elementor-hidden-phone elementor-widget elementor-widget-image\" data-id=\"3ef09f9\" data-element_type=\"widget\" data-widget_type=\"image.default\">\n\t\t\t\t<div class=\"elementor-widget-container\">\n\t\t\t\t\t\t\t\t\t\t\t\t\t\t\t<img loading=\"lazy\" decoding=\"async\" width=\"800\" height=\"146\" src=\"https:\/\/festejo.art.br\/2021setembro\/wp-content\/uploads\/2021\/09\/logos_rodape.jpg\" class=\"attachment-large size-large\" alt=\"\" srcset=\"https:\/\/festejo.art.br\/2021setembro\/wp-content\/uploads\/2021\/09\/logos_rodape.jpg 900w, https:\/\/festejo.art.br\/2021setembro\/wp-content\/uploads\/2021\/09\/logos_rodape-300x55.jpg 300w, https:\/\/festejo.art.br\/2021setembro\/wp-content\/uploads\/2021\/09\/logos_rodape-768x140.jpg 768w\" sizes=\"(max-width: 800px) 100vw, 800px\" \/>\t\t\t\t\t\t\t\t\t\t\t\t\t\t\t<\/div>\n\t\t\t\t<\/div>\n\t\t\t\t<div class=\"elementor-element elementor-element-47158df elementor-hidden-desktop elementor-hidden-tablet elementor-widget elementor-widget-image\" data-id=\"47158df\" data-element_type=\"widget\" data-widget_type=\"image.default\">\n\t\t\t\t<div class=\"elementor-widget-container\">\n\t\t\t\t\t\t\t\t\t\t\t\t\t\t\t<img loading=\"lazy\" decoding=\"async\" width=\"361\" height=\"460\" src=\"https:\/\/festejo.art.br\/2021setembro\/wp-content\/uploads\/2021\/09\/logos_rodape_mobile.jpg\" class=\"attachment-large size-large\" alt=\"\" srcset=\"https:\/\/festejo.art.br\/2021setembro\/wp-content\/uploads\/2021\/09\/logos_rodape_mobile.jpg 361w, https:\/\/festejo.art.br\/2021setembro\/wp-content\/uploads\/2021\/09\/logos_rodape_mobile-235x300.jpg 235w\" sizes=\"(max-width: 361px) 100vw, 361px\" \/>\t\t\t\t\t\t\t\t\t\t\t\t\t\t\t<\/div>\n\t\t\t\t<\/div>\n\t\t\t\t\t<\/div>\n\t\t<\/div>\n\t\t\t\t\t\t\t<\/div>\n\t\t<\/section>\n\t\t\t\t<section class=\"elementor-section elementor-top-section elementor-element elementor-element-763b2da elementor-section-boxed elementor-section-height-default elementor-section-height-default\" data-id=\"763b2da\" data-element_type=\"section\">\n\t\t\t\t\t\t<div class=\"elementor-container elementor-column-gap-default\">\n\t\t\t\t\t<div class=\"elementor-column elementor-col-100 elementor-top-column elementor-element elementor-element-7b6dd61\" data-id=\"7b6dd61\" data-element_type=\"column\">\n\t\t\t<div class=\"elementor-widget-wrap\">\n\t\t\t\t\t\t\t\t\t<\/div>\n\t\t<\/div>\n\t\t\t\t\t\t\t<\/div>\n\t\t<\/section>\n\t\t\t\t\t\t<\/div>\n\t\t\t\t\t<\/div>\n\t\t","protected":false},"excerpt":{"rendered":"<p>PATROC\u00cdNIO INSTITUTO UNIMED BH Associa\u00e7\u00e3o sem fins lucrativos, o Instituto Unimed-BH, desde 2003, desenvolve projetos socioculturais e ambientais visando a forma\u00e7\u00e3o da cidadania, estimular o bem-estar e a qualidade de vida das pessoas, ampliar o acesso \u00e0 cultura, valorizar espa\u00e7os p\u00fablicos e o meio ambiente. Ao longo de sua hist\u00f3ria, o Instituto destinou cerca de [&hellip;]<\/p>\n","protected":false},"author":1,"featured_media":0,"parent":0,"menu_order":0,"comment_status":"closed","ping_status":"closed","template":"elementor_header_footer","meta":{"footnotes":""},"_links":{"self":[{"href":"https:\/\/festejo.art.br\/2021setembro\/wp-json\/wp\/v2\/pages\/696"}],"collection":[{"href":"https:\/\/festejo.art.br\/2021setembro\/wp-json\/wp\/v2\/pages"}],"about":[{"href":"https:\/\/festejo.art.br\/2021setembro\/wp-json\/wp\/v2\/types\/page"}],"author":[{"embeddable":true,"href":"https:\/\/festejo.art.br\/2021setembro\/wp-json\/wp\/v2\/users\/1"}],"replies":[{"embeddable":true,"href":"https:\/\/festejo.art.br\/2021setembro\/wp-json\/wp\/v2\/comments?post=696"}],"version-history":[{"count":19,"href":"https:\/\/festejo.art.br\/2021setembro\/wp-json\/wp\/v2\/pages\/696\/revisions"}],"predecessor-version":[{"id":1066,"href":"https:\/\/festejo.art.br\/2021setembro\/wp-json\/wp\/v2\/pages\/696\/revisions\/1066"}],"wp:attachment":[{"href":"https:\/\/festejo.art.br\/2021setembro\/wp-json\/wp\/v2\/media?parent=696"}],"curies":[{"name":"wp","href":"https:\/\/api.w.org\/{rel}","templated":true}]}}