{"id":828,"date":"2021-08-16T15:08:02","date_gmt":"2021-08-16T18:08:02","guid":{"rendered":"https:\/\/festejo.art.br\/2021setembro\/?page_id=828"},"modified":"2021-09-10T13:56:50","modified_gmt":"2021-09-10T16:56:50","slug":"imprensa","status":"publish","type":"page","link":"https:\/\/festejo.art.br\/2021setembro\/imprensa\/","title":{"rendered":"Imprensa"},"content":{"rendered":"\t\t<div data-elementor-type=\"wp-page\" data-elementor-id=\"828\" class=\"elementor elementor-828\" data-elementor-settings=\"[]\">\n\t\t\t\t\t\t\t<div class=\"elementor-section-wrap\">\n\t\t\t\t\t\t\t<section class=\"elementor-section elementor-top-section elementor-element elementor-element-4fca988 elementor-section-height-min-height elementor-section-items-top elementor-section-boxed elementor-section-height-default\" data-id=\"4fca988\" data-element_type=\"section\" data-settings=\"{&quot;background_background&quot;:&quot;classic&quot;}\">\n\t\t\t\t\t\t<div class=\"elementor-container elementor-column-gap-no\">\n\t\t\t\t\t<div class=\"elementor-column elementor-col-33 elementor-top-column elementor-element elementor-element-65e7686\" data-id=\"65e7686\" data-element_type=\"column\">\n\t\t\t<div class=\"elementor-widget-wrap\">\n\t\t\t\t\t\t\t\t\t<\/div>\n\t\t<\/div>\n\t\t\t\t<div class=\"elementor-column elementor-col-33 elementor-top-column elementor-element elementor-element-3d0857c\" data-id=\"3d0857c\" data-element_type=\"column\" data-settings=\"{&quot;background_background&quot;:&quot;classic&quot;}\">\n\t\t\t<div class=\"elementor-widget-wrap elementor-element-populated\">\n\t\t\t\t\t\t\t\t<section class=\"elementor-section elementor-inner-section elementor-element elementor-element-aa632d4 elementor-section-height-min-height elementor-section-boxed elementor-section-height-default\" data-id=\"aa632d4\" data-element_type=\"section\">\n\t\t\t\t\t\t<div class=\"elementor-container elementor-column-gap-default\">\n\t\t\t\t\t<div class=\"elementor-column elementor-col-100 elementor-inner-column elementor-element elementor-element-57709f2\" data-id=\"57709f2\" data-element_type=\"column\">\n\t\t\t<div class=\"elementor-widget-wrap elementor-element-populated\">\n\t\t\t\t\t\t\t\t<div class=\"elementor-element elementor-element-4bc5183 elementor-hidden-desktop elementor-widget elementor-widget-image\" data-id=\"4bc5183\" data-element_type=\"widget\" data-widget_type=\"image.default\">\n\t\t\t\t<div class=\"elementor-widget-container\">\n\t\t\t\t\t\t\t\t\t\t\t\t\t\t\t<img loading=\"lazy\" decoding=\"async\" width=\"207\" height=\"300\" src=\"https:\/\/festejo.art.br\/2021setembro\/wp-content\/uploads\/2021\/09\/logo-min.png\" class=\"attachment-large size-large\" alt=\"\" \/>\t\t\t\t\t\t\t\t\t\t\t\t\t\t\t<\/div>\n\t\t\t\t<\/div>\n\t\t\t\t<div class=\"elementor-element elementor-element-02de355 elementor-widget elementor-widget-heading\" data-id=\"02de355\" data-element_type=\"widget\" data-widget_type=\"heading.default\">\n\t\t\t\t<div class=\"elementor-widget-container\">\n\t\t\t<h2 class=\"elementor-heading-title elementor-size-default\">Programa\u00e7\u00e3o de setembro do<br> <b>FESTEJO DO TAMBOR MINEIRO<\/b> <br>tem apresenta\u00e7\u00f5es art\u00edsticas e oficina - online e gratuitas<\/h2>\t\t<\/div>\n\t\t\t\t<\/div>\n\t\t\t\t<div class=\"elementor-element elementor-element-3410af7 elementor-widget elementor-widget-text-editor\" data-id=\"3410af7\" data-element_type=\"widget\" data-widget_type=\"text-editor.default\">\n\t\t\t\t<div class=\"elementor-widget-container\">\n\t\t\t\t\t\t\t<p><span style=\"font-weight: 300;\">Entre os dias <\/span><b>14 a 17 de setembro<\/b><span style=\"font-weight: 300;\">, de ter\u00e7a a sexta-feira, o <\/span><b>Festejo do Tambor Mineiro apresenta ao p\u00fablico <\/b><span style=\"font-weight: 400;\">um novo m\u00eas de <\/span><b>programa\u00e7\u00e3o online e gratuita<\/b><span style=\"font-weight: 400;\"> com <\/span><b>apresenta\u00e7\u00f5es art\u00edsticas<\/b><span style=\"font-weight: 400;\"> de Mauricio Tizumba, Tambor Mineiro, Bloco Sa\u00fade e caixeiros de Irmandades do Ros\u00e1rio, e <\/span><b>oficina<\/b><span style=\"font-weight: 400;\"> com Fabiana Cozza. Os shows ser\u00e3o transmitidos ao vivo pelo <\/span><b>canal do Festejo do Tambor Mineiro <\/b><span style=\"font-weight: 400;\">no YouTube (youtube.com\/festejotambormineiro). As <\/span><b>inscri\u00e7\u00f5es para a oficina<\/b><span style=\"font-weight: 400;\"> podem ser feitas pelo <\/span><b>sympla.com\/napele<\/b><span style=\"font-weight: 400;\">.<\/span><\/p><p><span style=\"font-weight: 300;\">Idealizado por <\/span><b>Mauricio Tizumba<\/b><span style=\"font-weight: 300;\"> e <\/span><b>realizado desde 2002 <\/b><span style=\"font-weight: 300;\">nas ruas do bairro Prado, este \u00e9 o segundo ano do evento em formato virtual em virtude da pandemia da covid-19. Reafirmando o compromisso de difus\u00e3o e valoriza\u00e7\u00e3o da cultura afro-mineira, a programa\u00e7\u00e3o do projeto em 2021 teve in\u00edcio em agosto, com quatro apresenta\u00e7\u00f5es de m\u00fasica, cultura popular e circo. Shows e performances tamb\u00e9m est\u00e3o previstos para o m\u00eas de outubro.<\/span><\/p><p><span style=\"font-weight: 300;\">Quem abre a programa\u00e7\u00e3o de setembro \u00e9 a cantora paulistana <\/span><b>Fabiana Cozza<\/b><span style=\"font-weight: 300;\">, com a oficina<\/span><b> Canto \u00e9 Reza<\/b><span style=\"font-weight: 300;\">, que ser\u00e1 realizada nos dias <\/span><b>14 e 15\/09<\/b><span style=\"font-weight: 300;\">, ter\u00e7a e quarta-feira, das 19h30 \u00e0s 21h30, <\/span><b>online por meio da plataforma Sympla\/Zoom<\/b><span style=\"font-weight: 300;\">. Concebido durante a pandemia, o curso cria um espa\u00e7o de afeto e troca amparado por c\u00e2nticos do universo da cultura negra brasileira e o tambor. \u201cN\u00e3o \u00e9 necess\u00e1rio ser cantor ou ter qualquer experi\u00eancia com canto para participar. O objetivo \u00e9 afetar\/despertar e libertar nossos corpos para a can\u00e7\u00e3o e seu potencial imaginativo, emotivo, de sa\u00fade e bem-estar\u201d, explica Cozza.<\/span><\/p><p><span style=\"font-weight: 300;\">Ao vivo do Teatro Santo Agostinho, no dia <\/span><b>16\/9<\/b><span style=\"font-weight: 300;\">, quinta-feira, \u00e0s<\/span><b> 20 horas<\/b><span style=\"font-weight: 300;\">, <\/span><b>Mauricio Tizumba<\/b><span style=\"font-weight: 300;\"> sobe ao palco com o <\/span><b>Tambor Mineiro<\/b><span style=\"font-weight: 300;\">,\u00a0 grupo formado a partir das oficinas ministradas pelo multiartista no Espa\u00e7o Cultural Tambor Mineiro, e com o <\/span><b>Bloco Sa\u00fade<\/b><span style=\"font-weight: 300;\">, grupo de percuss\u00e3o formado por m\u00e9dicos cooperados e colaboradores da Unimed-BH.<\/span><\/p><p><span style=\"font-weight: 300;\">Na sexta-feira, dia 17\/9, Mauricio Tizumba convida caixeiros de diversas Irmandades do Ros\u00e1rio, fechando a programa\u00e7\u00e3o deste m\u00eas com o ritmo e a f\u00e9 do Reinado de Minas Gerais.<\/span><\/p>\t\t\t\t\t\t<\/div>\n\t\t\t\t<\/div>\n\t\t\t\t<div class=\"elementor-element elementor-element-4a6c834 elementor-widget elementor-widget-heading\" data-id=\"4a6c834\" data-element_type=\"widget\" data-widget_type=\"heading.default\">\n\t\t\t\t<div class=\"elementor-widget-container\">\n\t\t\t<h2 class=\"elementor-heading-title elementor-size-default\">SOBRE O FESTEJO DO TAMBOR MINEIRO<\/h2>\t\t<\/div>\n\t\t\t\t<\/div>\n\t\t\t\t<div class=\"elementor-element elementor-element-408c22c elementor-widget elementor-widget-text-editor\" data-id=\"408c22c\" data-element_type=\"widget\" data-widget_type=\"text-editor.default\">\n\t\t\t\t<div class=\"elementor-widget-container\">\n\t\t\t\t\t\t\t<p><span style=\"font-weight: 300;\">Idealizado por Mauricio Tizumba e realizado desde 2002 nas ruas do bairro Prado, o Festejo do Tambor Mineiro \u00e9 hoje um dos principais festivais culturais da cidade. Com o objetivo de difundir e valorizar a cultura afro-mineira, re\u00fane anualmente guardas de congado de BH e do interior de Minas, grupos percussivos, grandes nomes da m\u00fasica afro-brasileira, feira de artesanato e de comidas, atraindo um p\u00fablico de cerca de 10 mil pessoas a cada edi\u00e7\u00e3o. O festival faz parte do calend\u00e1rio oficial de Belo Horizonte.<\/span><\/p>\t\t\t\t\t\t<\/div>\n\t\t\t\t<\/div>\n\t\t\t\t<div class=\"elementor-element elementor-element-86d7af8 elementor-widget elementor-widget-heading\" data-id=\"86d7af8\" data-element_type=\"widget\" data-widget_type=\"heading.default\">\n\t\t\t\t<div class=\"elementor-widget-container\">\n\t\t\t<h2 class=\"elementor-heading-title elementor-size-default\">SERVI\u00c7O<\/h2>\t\t<\/div>\n\t\t\t\t<\/div>\n\t\t\t\t<div class=\"elementor-element elementor-element-5a2879c elementor-widget elementor-widget-text-editor\" data-id=\"5a2879c\" data-element_type=\"widget\" data-widget_type=\"text-editor.default\">\n\t\t\t\t<div class=\"elementor-widget-container\">\n\t\t\t\t\t\t\t<p><b>FESTEJO DO TAMBOR MINEIRO<\/b><span style=\"font-weight: 300;\"> . 2021<\/span><span style=\"font-weight: 300;\"><br \/><\/span><span style=\"font-weight: 300;\">programa\u00e7\u00e3o de setembro &gt;&gt;<\/span><\/p><p><b>OFICINA:<\/b><span style=\"font-weight: 300;\"> Canto \u00e9 Reza, com Fabiana Cozza<\/span><span style=\"font-weight: 300;\"><br \/><\/span><span style=\"font-weight: 300;\">14 e 15\/9, das 19h30 \u00e0s 21h30, online e gratuita<\/span><span style=\"font-weight: 300;\"><br \/><\/span><span style=\"font-weight: 300;\">inscri\u00e7\u00f5es no <\/span><b>sympla.com.br\/napele<\/b><\/p><p><b>SHOWS <\/b><span style=\"font-weight: 300;\">ao vivo do Teatro Santo Agostinho:<\/span><\/p><p><span style=\"font-weight: 300;\">Mauricio Tizumba e integrantes do Tambor Mineiro e do Bloco Sa\u00fade<\/span><span style=\"font-weight: 300;\"><br \/><\/span><span style=\"font-weight: 300;\">16\/9, quinta-feira, 20h<\/span><\/p><p><span style=\"font-weight: 300;\">Mauricio Tizumba e caixeiros de Irmandades do Ros\u00e1rio<\/span><span style=\"font-weight: 300;\"><br \/><\/span><span style=\"font-weight: 300;\">17\/9, sexta-feira, 20h<\/span><\/p><p><span style=\"font-weight: 300;\">online e gratuito pelo <\/span><b>canal do Festejo do Tambor Mineiro no YouTube<\/b><span style=\"font-weight: 300;\"> (<\/span><a href=\"http:\/\/youtube.com\/festejotambormineiro\"><span style=\"font-weight: 300;\">youtube.com\/festejotambormineiro<\/span><\/a><span style=\"font-weight: 300;\">)<\/span><span style=\"font-weight: 300;\"><br \/><\/span><\/p>\t\t\t\t\t\t<\/div>\n\t\t\t\t<\/div>\n\t\t\t\t<div class=\"elementor-element elementor-element-14971e7 elementor-widget elementor-widget-heading\" data-id=\"14971e7\" data-element_type=\"widget\" data-widget_type=\"heading.default\">\n\t\t\t\t<div class=\"elementor-widget-container\">\n\t\t\t<h2 class=\"elementor-heading-title elementor-size-default\">INSTITUTO UNIMED BH<\/h2>\t\t<\/div>\n\t\t\t\t<\/div>\n\t\t\t\t<div class=\"elementor-element elementor-element-13c57fd elementor-widget elementor-widget-text-editor\" data-id=\"13c57fd\" data-element_type=\"widget\" data-widget_type=\"text-editor.default\">\n\t\t\t\t<div class=\"elementor-widget-container\">\n\t\t\t\t\t\t\t<p><span style=\"font-weight: 300;\">Associa\u00e7\u00e3o sem fins lucrativos, o Instituto Unimed-BH, desde 2003, desenvolve projetos socioculturais e ambientais visando a forma\u00e7\u00e3o da cidadania, estimular o bem-estar e a qualidade de vida das pessoas, ampliar o acesso \u00e0 cultura, valorizar espa\u00e7os p\u00fablicos e o meio ambiente. Ao longo de sua hist\u00f3ria, o Instituto destinou cerca de R$140 milh\u00f5es por meio das Leis municipal e federal de Incentivo \u00e0 Cultura, viabilizado pelo patroc\u00ednio de mais de 5,2 mil m\u00e9dicos cooperados e colaboradores.\u00a0<\/span><\/p><p><span style=\"font-weight: 300;\">No \u00faltimo ano, mais de 7 mil postos de trabalho foram gerados e 3,9 milh\u00f5es pessoas foram alcan\u00e7adas por meio de projetos em cinco linhas de atua\u00e7\u00e3o: Comunidade, Voluntariado, Meio Ambiente, Ado\u00e7\u00e3o de Espa\u00e7os P\u00fablicos e Cultura, que est\u00e3o alinhados aos Objetivos de Desenvolvimento Sustent\u00e1vel da Agenda 2030. Neste ano, todas as iniciativas do Instituto celebram os 50 anos da Unimed\u2011BH.\u00a0<\/span><\/p><p><a href=\"https:\/\/resultadosinstituto.unimedbh.com.br\/2020\/\"><span style=\"font-weight: 300;\">Clique aqui<\/span><\/a><span style=\"font-weight: 300;\"> e conhe\u00e7a mais sobre os resultados do Instituto Unimed-BH.<\/span><\/p>\t\t\t\t\t\t<\/div>\n\t\t\t\t<\/div>\n\t\t\t\t<div class=\"elementor-element elementor-element-729bd99 elementor-widget elementor-widget-heading\" data-id=\"729bd99\" data-element_type=\"widget\" data-widget_type=\"heading.default\">\n\t\t\t\t<div class=\"elementor-widget-container\">\n\t\t\t<h2 class=\"elementor-heading-title elementor-size-default\">Informa\u00e7\u00f5es para a imprensa - Luz Comunica\u00e7\u00e3o<\/h2>\t\t<\/div>\n\t\t\t\t<\/div>\n\t\t\t\t<div class=\"elementor-element elementor-element-2cd8116 elementor-widget elementor-widget-text-editor\" data-id=\"2cd8116\" data-element_type=\"widget\" data-widget_type=\"text-editor.default\">\n\t\t\t\t<div class=\"elementor-widget-container\">\n\t\t\t\t\t\t\t<p>Atendimento: Wandra Ara\u00fajo &#8211; luzcomunicacaoimprensa@gmail.com &#8211; 31 999645007<\/p><p>Coordena\u00e7\u00e3o: Jozane Faleiro &#8211; jozane@luzcomunicacao.com.br &#8211; 31 992046367<\/p><p><br \/><br \/><\/p>\t\t\t\t\t\t<\/div>\n\t\t\t\t<\/div>\n\t\t\t\t\t<\/div>\n\t\t<\/div>\n\t\t\t\t\t\t\t<\/div>\n\t\t<\/section>\n\t\t\t\t\t<\/div>\n\t\t<\/div>\n\t\t\t\t<div class=\"elementor-column elementor-col-33 elementor-top-column elementor-element elementor-element-d418589\" data-id=\"d418589\" data-element_type=\"column\">\n\t\t\t<div class=\"elementor-widget-wrap\">\n\t\t\t\t\t\t\t\t\t<\/div>\n\t\t<\/div>\n\t\t\t\t\t\t\t<\/div>\n\t\t<\/section>\n\t\t\t\t<section class=\"elementor-section elementor-top-section elementor-element elementor-element-b4e81e8 elementor-section-boxed elementor-section-height-default elementor-section-height-default\" data-id=\"b4e81e8\" data-element_type=\"section\">\n\t\t\t\t\t\t<div class=\"elementor-container elementor-column-gap-default\">\n\t\t\t\t\t<div class=\"elementor-column elementor-col-100 elementor-top-column elementor-element elementor-element-976940a\" data-id=\"976940a\" data-element_type=\"column\">\n\t\t\t<div class=\"elementor-widget-wrap elementor-element-populated\">\n\t\t\t\t\t\t\t\t<div class=\"elementor-element elementor-element-a2113fe elementor-shape-circle e-grid-align-right e-grid-align-mobile-left elementor-grid-0 elementor-widget elementor-widget-social-icons\" data-id=\"a2113fe\" data-element_type=\"widget\" data-widget_type=\"social-icons.default\">\n\t\t\t\t<div class=\"elementor-widget-container\">\n\t\t\t\t\t<div class=\"elementor-social-icons-wrapper elementor-grid\">\n\t\t\t\t\t\t\t<span class=\"elementor-grid-item\">\n\t\t\t\t\t<a class=\"elementor-icon elementor-social-icon elementor-social-icon-facebook elementor-repeater-item-d533e3a\" href=\"https:\/\/www.facebook.com\/festejotambormineiro\/\" target=\"_blank\">\n\t\t\t\t\t\t<span class=\"elementor-screen-only\">Facebook<\/span>\n\t\t\t\t\t\t<i class=\"fab fa-facebook\"><\/i>\t\t\t\t\t<\/a>\n\t\t\t\t<\/span>\n\t\t\t\t\t\t\t<span class=\"elementor-grid-item\">\n\t\t\t\t\t<a class=\"elementor-icon elementor-social-icon elementor-social-icon-instagram elementor-repeater-item-a60936e\" href=\"https:\/\/www.instagram.com\/festejotambormineiro\/\" target=\"_blank\">\n\t\t\t\t\t\t<span class=\"elementor-screen-only\">Instagram<\/span>\n\t\t\t\t\t\t<i class=\"fab fa-instagram\"><\/i>\t\t\t\t\t<\/a>\n\t\t\t\t<\/span>\n\t\t\t\t\t\t\t<span class=\"elementor-grid-item\">\n\t\t\t\t\t<a class=\"elementor-icon elementor-social-icon elementor-social-icon-youtube elementor-repeater-item-b6eb838\" href=\"https:\/\/www.youtube.com\/festejotambormineiro\" target=\"_blank\">\n\t\t\t\t\t\t<span class=\"elementor-screen-only\">Youtube<\/span>\n\t\t\t\t\t\t<i class=\"fab fa-youtube\"><\/i>\t\t\t\t\t<\/a>\n\t\t\t\t<\/span>\n\t\t\t\t\t\t\t<span class=\"elementor-grid-item\">\n\t\t\t\t\t<a class=\"elementor-icon elementor-social-icon elementor-social-icon-envelope elementor-repeater-item-d431c3a\" href=\"mailto:festejo@napele.com.br\" target=\"_blank\">\n\t\t\t\t\t\t<span class=\"elementor-screen-only\">Envelope<\/span>\n\t\t\t\t\t\t<i class=\"fas fa-envelope\"><\/i>\t\t\t\t\t<\/a>\n\t\t\t\t<\/span>\n\t\t\t\t\t<\/div>\n\t\t\t\t<\/div>\n\t\t\t\t<\/div>\n\t\t\t\t<div class=\"elementor-element elementor-element-7fc98d7 elementor-widget elementor-widget-text-editor\" data-id=\"7fc98d7\" data-element_type=\"widget\" data-widget_type=\"text-editor.default\">\n\t\t\t\t<div class=\"elementor-widget-container\">\n\t\t\t\t\t\t\t<p>festejo@napele.com.br<\/p>\t\t\t\t\t\t<\/div>\n\t\t\t\t<\/div>\n\t\t\t\t<div class=\"elementor-element elementor-element-3ef09f9 elementor-hidden-phone elementor-widget elementor-widget-image\" data-id=\"3ef09f9\" data-element_type=\"widget\" data-widget_type=\"image.default\">\n\t\t\t\t<div class=\"elementor-widget-container\">\n\t\t\t\t\t\t\t\t\t\t\t\t\t\t\t<img loading=\"lazy\" decoding=\"async\" width=\"800\" height=\"146\" src=\"https:\/\/festejo.art.br\/2021setembro\/wp-content\/uploads\/2021\/09\/logos_rodape.jpg\" class=\"attachment-large size-large\" alt=\"\" srcset=\"https:\/\/festejo.art.br\/2021setembro\/wp-content\/uploads\/2021\/09\/logos_rodape.jpg 900w, https:\/\/festejo.art.br\/2021setembro\/wp-content\/uploads\/2021\/09\/logos_rodape-300x55.jpg 300w, https:\/\/festejo.art.br\/2021setembro\/wp-content\/uploads\/2021\/09\/logos_rodape-768x140.jpg 768w\" sizes=\"(max-width: 800px) 100vw, 800px\" \/>\t\t\t\t\t\t\t\t\t\t\t\t\t\t\t<\/div>\n\t\t\t\t<\/div>\n\t\t\t\t<div class=\"elementor-element elementor-element-47158df elementor-hidden-desktop elementor-hidden-tablet elementor-widget elementor-widget-image\" data-id=\"47158df\" data-element_type=\"widget\" data-widget_type=\"image.default\">\n\t\t\t\t<div class=\"elementor-widget-container\">\n\t\t\t\t\t\t\t\t\t\t\t\t\t\t\t<img loading=\"lazy\" decoding=\"async\" width=\"361\" height=\"460\" src=\"https:\/\/festejo.art.br\/2021setembro\/wp-content\/uploads\/2021\/09\/logos_rodape_mobile.jpg\" class=\"attachment-large size-large\" alt=\"\" srcset=\"https:\/\/festejo.art.br\/2021setembro\/wp-content\/uploads\/2021\/09\/logos_rodape_mobile.jpg 361w, https:\/\/festejo.art.br\/2021setembro\/wp-content\/uploads\/2021\/09\/logos_rodape_mobile-235x300.jpg 235w\" sizes=\"(max-width: 361px) 100vw, 361px\" \/>\t\t\t\t\t\t\t\t\t\t\t\t\t\t\t<\/div>\n\t\t\t\t<\/div>\n\t\t\t\t\t<\/div>\n\t\t<\/div>\n\t\t\t\t\t\t\t<\/div>\n\t\t<\/section>\n\t\t\t\t<section class=\"elementor-section elementor-top-section elementor-element elementor-element-763b2da elementor-section-boxed elementor-section-height-default elementor-section-height-default\" data-id=\"763b2da\" data-element_type=\"section\">\n\t\t\t\t\t\t<div class=\"elementor-container elementor-column-gap-default\">\n\t\t\t\t\t<div class=\"elementor-column elementor-col-100 elementor-top-column elementor-element elementor-element-7b6dd61\" data-id=\"7b6dd61\" data-element_type=\"column\">\n\t\t\t<div class=\"elementor-widget-wrap\">\n\t\t\t\t\t\t\t\t\t<\/div>\n\t\t<\/div>\n\t\t\t\t\t\t\t<\/div>\n\t\t<\/section>\n\t\t\t\t\t\t<\/div>\n\t\t\t\t\t<\/div>\n\t\t","protected":false},"excerpt":{"rendered":"<p>Programa\u00e7\u00e3o de setembro do FESTEJO DO TAMBOR MINEIRO tem apresenta\u00e7\u00f5es art\u00edsticas e oficina &#8211; online e gratuitas Entre os dias 14 a 17 de setembro, de ter\u00e7a a sexta-feira, o Festejo do Tambor Mineiro apresenta ao p\u00fablico um novo m\u00eas de programa\u00e7\u00e3o online e gratuita com apresenta\u00e7\u00f5es art\u00edsticas de Mauricio Tizumba, Tambor Mineiro, Bloco Sa\u00fade [&hellip;]<\/p>\n","protected":false},"author":1,"featured_media":0,"parent":0,"menu_order":0,"comment_status":"closed","ping_status":"closed","template":"elementor_header_footer","meta":{"footnotes":""},"_links":{"self":[{"href":"https:\/\/festejo.art.br\/2021setembro\/wp-json\/wp\/v2\/pages\/828"}],"collection":[{"href":"https:\/\/festejo.art.br\/2021setembro\/wp-json\/wp\/v2\/pages"}],"about":[{"href":"https:\/\/festejo.art.br\/2021setembro\/wp-json\/wp\/v2\/types\/page"}],"author":[{"embeddable":true,"href":"https:\/\/festejo.art.br\/2021setembro\/wp-json\/wp\/v2\/users\/1"}],"replies":[{"embeddable":true,"href":"https:\/\/festejo.art.br\/2021setembro\/wp-json\/wp\/v2\/comments?post=828"}],"version-history":[{"count":28,"href":"https:\/\/festejo.art.br\/2021setembro\/wp-json\/wp\/v2\/pages\/828\/revisions"}],"predecessor-version":[{"id":1057,"href":"https:\/\/festejo.art.br\/2021setembro\/wp-json\/wp\/v2\/pages\/828\/revisions\/1057"}],"wp:attachment":[{"href":"https:\/\/festejo.art.br\/2021setembro\/wp-json\/wp\/v2\/media?parent=828"}],"curies":[{"name":"wp","href":"https:\/\/api.w.org\/{rel}","templated":true}]}}