{"id":11,"date":"2021-05-25T13:51:29","date_gmt":"2021-05-25T16:51:29","guid":{"rendered":"https:\/\/festejo.art.br\/?page_id=11"},"modified":"2025-01-11T20:44:54","modified_gmt":"2025-01-11T23:44:54","slug":"home","status":"publish","type":"page","link":"https:\/\/festejo.art.br\/2024\/belo-horizonte\/","title":{"rendered":"Home"},"content":{"rendered":"\t\t<div data-elementor-type=\"wp-page\" data-elementor-id=\"11\" class=\"elementor elementor-11\">\n\t\t\t\t\t\t<section class=\"elementor-section elementor-top-section elementor-element elementor-element-690c8a1 elementor-section-height-min-height elementor-section-full_width elementor-hidden-mobile elementor-section-height-default elementor-section-items-middle\" data-id=\"690c8a1\" data-element_type=\"section\" data-settings=\"{&quot;background_background&quot;:&quot;classic&quot;}\">\n\t\t\t\t\t\t<div class=\"elementor-container elementor-column-gap-default\">\n\t\t\t\t\t<div class=\"elementor-column elementor-col-50 elementor-top-column elementor-element elementor-element-510a3a9\" data-id=\"510a3a9\" data-element_type=\"column\">\n\t\t\t<div class=\"elementor-widget-wrap elementor-element-populated\">\n\t\t\t\t\t\t<div class=\"elementor-element elementor-element-9e1fb2e elementor-absolute elementor-widget__width-initial elementor-hidden-mobile elementor-widget elementor-widget-text-editor\" data-id=\"9e1fb2e\" data-element_type=\"widget\" data-settings=\"{&quot;_position&quot;:&quot;absolute&quot;}\" data-widget_type=\"text-editor.default\">\n\t\t\t\t<div class=\"elementor-widget-container\">\n\t\t\t\t\t\t\t<p>Minist\u00e9rio da Cultura,<br \/>Governo de Minas Gerais,<br \/>Instituto UNIMED-BH<br \/>e Cemig apresentam:<\/p><p><img fetchpriority=\"high\" decoding=\"async\" class=\"alignnone wp-image-1586 size-medium\" src=\"https:\/\/festejo.art.br\/2024\/belo-horizonte\/wp-content\/uploads\/2025\/01\/Festejo_cartaz-1-223x300.png\" alt=\"\" width=\"223\" height=\"300\" srcset=\"https:\/\/festejo.art.br\/2024\/belo-horizonte\/wp-content\/uploads\/2025\/01\/Festejo_cartaz-1-223x300.png 223w, https:\/\/festejo.art.br\/2024\/belo-horizonte\/wp-content\/uploads\/2025\/01\/Festejo_cartaz-1-762x1024.png 762w, https:\/\/festejo.art.br\/2024\/belo-horizonte\/wp-content\/uploads\/2025\/01\/Festejo_cartaz-1-768x1033.png 768w, https:\/\/festejo.art.br\/2024\/belo-horizonte\/wp-content\/uploads\/2025\/01\/Festejo_cartaz-1-1142x1536.png 1142w, https:\/\/festejo.art.br\/2024\/belo-horizonte\/wp-content\/uploads\/2025\/01\/Festejo_cartaz-1-1523x2048.png 1523w\" sizes=\"(max-width: 223px) 100vw, 223px\" \/><\/p>\t\t\t\t\t\t<\/div>\n\t\t\t\t<\/div>\n\t\t\t\t\t<\/div>\n\t\t<\/div>\n\t\t\t\t<div class=\"elementor-column elementor-col-50 elementor-top-column elementor-element elementor-element-7857f0d\" data-id=\"7857f0d\" data-element_type=\"column\">\n\t\t\t<div class=\"elementor-widget-wrap elementor-element-populated\">\n\t\t\t\t\t\t<div class=\"elementor-element elementor-element-9c461f9 elementor-hidden-mobile elementor-hidden-tablet elementor-widget elementor-widget-text-editor\" data-id=\"9c461f9\" data-element_type=\"widget\" data-widget_type=\"text-editor.default\">\n\t\t\t\t<div class=\"elementor-widget-container\">\n\t\t\t\t\t\t\t<p><strong>GUARDAS DE CONGADO<\/strong><br><strong>SHOWS<\/strong><br><strong>GRUPOS DE PERCUSS\u00c3O<\/strong><br><strong>CIRCO<\/strong><br><strong>FEIRA DE ARTE<\/strong><br><strong>COMIDA AFRO-MINEIRA<\/strong><\/p>\n<p>Participa\u00e7\u00e3o especial<br><b>Thiago da Serrinha <\/b>(RJ)<\/p>\t\t\t\t\t\t<\/div>\n\t\t\t\t<\/div>\n\t\t\t\t\t<\/div>\n\t\t<\/div>\n\t\t\t\t\t<\/div>\n\t\t<\/section>\n\t\t\t\t<section class=\"elementor-section elementor-top-section elementor-element elementor-element-29e944c elementor-section-boxed elementor-section-height-default elementor-section-height-default\" data-id=\"29e944c\" data-element_type=\"section\" data-settings=\"{&quot;background_background&quot;:&quot;classic&quot;}\">\n\t\t\t\t\t\t<div class=\"elementor-container elementor-column-gap-default\">\n\t\t\t\t\t<div class=\"elementor-column elementor-col-100 elementor-top-column elementor-element elementor-element-869a5b6\" data-id=\"869a5b6\" data-element_type=\"column\" data-settings=\"{&quot;background_background&quot;:&quot;classic&quot;}\">\n\t\t\t<div class=\"elementor-widget-wrap elementor-element-populated\">\n\t\t\t\t\t\t<div class=\"elementor-element elementor-element-9590a70 elementor-hidden-mobile elementor-widget-divider--view-line elementor-widget elementor-widget-divider\" data-id=\"9590a70\" data-element_type=\"widget\" data-widget_type=\"divider.default\">\n\t\t\t\t<div class=\"elementor-widget-container\">\n\t\t\t\t\t<div class=\"elementor-divider\">\n\t\t\t<span class=\"elementor-divider-separator\">\n\t\t\t\t\t\t<\/span>\n\t\t<\/div>\n\t\t\t\t<\/div>\n\t\t\t\t<\/div>\n\t\t\t\t\t<\/div>\n\t\t<\/div>\n\t\t\t\t\t<\/div>\n\t\t<\/section>\n\t\t\t\t<section class=\"elementor-section elementor-top-section elementor-element elementor-element-8e1ac16 elementor-section-full_width elementor-section-height-default elementor-section-height-default\" data-id=\"8e1ac16\" data-element_type=\"section\" data-settings=\"{&quot;background_background&quot;:&quot;classic&quot;}\">\n\t\t\t\t\t\t<div class=\"elementor-container elementor-column-gap-no\">\n\t\t\t\t\t<div class=\"elementor-column elementor-col-100 elementor-top-column elementor-element elementor-element-49a5ff6\" data-id=\"49a5ff6\" data-element_type=\"column\" data-settings=\"{&quot;background_background&quot;:&quot;classic&quot;}\">\n\t\t\t<div class=\"elementor-widget-wrap elementor-element-populated\">\n\t\t\t\t\t\t<section class=\"elementor-section elementor-inner-section elementor-element elementor-element-b598db1 elementor-section-full_width elementor-section-height-default elementor-section-height-default\" data-id=\"b598db1\" data-element_type=\"section\">\n\t\t\t\t\t\t<div class=\"elementor-container elementor-column-gap-default\">\n\t\t\t\t\t<div class=\"elementor-column elementor-col-100 elementor-inner-column elementor-element elementor-element-fa4c28e\" data-id=\"fa4c28e\" data-element_type=\"column\" data-settings=\"{&quot;background_background&quot;:&quot;classic&quot;}\">\n\t\t\t<div class=\"elementor-widget-wrap elementor-element-populated\">\n\t\t\t\t\t<div class=\"elementor-background-overlay\"><\/div>\n\t\t\t\t\t\t<div class=\"elementor-element elementor-element-ff4a05b e-transform elementor-hidden-desktop elementor-hidden-tablet elementor-widget elementor-widget-text-editor\" data-id=\"ff4a05b\" data-element_type=\"widget\" data-settings=\"{&quot;_transform_translateX_effect&quot;:{&quot;unit&quot;:&quot;px&quot;,&quot;size&quot;:&quot;&quot;,&quot;sizes&quot;:[]},&quot;_transform_translateX_effect_tablet&quot;:{&quot;unit&quot;:&quot;px&quot;,&quot;size&quot;:&quot;&quot;,&quot;sizes&quot;:[]},&quot;_transform_translateX_effect_mobile&quot;:{&quot;unit&quot;:&quot;px&quot;,&quot;size&quot;:&quot;&quot;,&quot;sizes&quot;:[]},&quot;_transform_translateY_effect&quot;:{&quot;unit&quot;:&quot;px&quot;,&quot;size&quot;:&quot;&quot;,&quot;sizes&quot;:[]},&quot;_transform_translateY_effect_tablet&quot;:{&quot;unit&quot;:&quot;px&quot;,&quot;size&quot;:&quot;&quot;,&quot;sizes&quot;:[]},&quot;_transform_translateY_effect_mobile&quot;:{&quot;unit&quot;:&quot;px&quot;,&quot;size&quot;:&quot;&quot;,&quot;sizes&quot;:[]}}\" data-widget_type=\"text-editor.default\">\n\t\t\t\t<div class=\"elementor-widget-container\">\n\t\t\t\t\t\t\t<p>Minist\u00e9rio da Cultura,<br \/>Governo de Minas Gerais,<br \/>Instituto UNIMED-BH<br \/>e Cemig apresentam:<\/p>\t\t\t\t\t\t<\/div>\n\t\t\t\t<\/div>\n\t\t\t\t<div class=\"elementor-element elementor-element-b2260b4 e-transform elementor-hidden-desktop elementor-hidden-tablet elementor-widget elementor-widget-text-editor\" data-id=\"b2260b4\" data-element_type=\"widget\" data-settings=\"{&quot;_transform_translateX_effect&quot;:{&quot;unit&quot;:&quot;px&quot;,&quot;size&quot;:&quot;&quot;,&quot;sizes&quot;:[]},&quot;_transform_translateX_effect_tablet&quot;:{&quot;unit&quot;:&quot;px&quot;,&quot;size&quot;:&quot;&quot;,&quot;sizes&quot;:[]},&quot;_transform_translateX_effect_mobile&quot;:{&quot;unit&quot;:&quot;px&quot;,&quot;size&quot;:&quot;&quot;,&quot;sizes&quot;:[]},&quot;_transform_translateY_effect&quot;:{&quot;unit&quot;:&quot;px&quot;,&quot;size&quot;:&quot;&quot;,&quot;sizes&quot;:[]},&quot;_transform_translateY_effect_tablet&quot;:{&quot;unit&quot;:&quot;px&quot;,&quot;size&quot;:&quot;&quot;,&quot;sizes&quot;:[]},&quot;_transform_translateY_effect_mobile&quot;:{&quot;unit&quot;:&quot;px&quot;,&quot;size&quot;:&quot;&quot;,&quot;sizes&quot;:[]}}\" data-widget_type=\"text-editor.default\">\n\t\t\t\t<div class=\"elementor-widget-container\">\n\t\t\t\t\t\t\t<p><img fetchpriority=\"high\" decoding=\"async\" class=\"alignnone wp-image-1586 size-medium\" src=\"https:\/\/festejo.art.br\/2024\/belo-horizonte\/wp-content\/uploads\/2025\/01\/Festejo_cartaz-1-223x300.png\" alt=\"\" width=\"223\" height=\"300\" srcset=\"https:\/\/festejo.art.br\/2024\/belo-horizonte\/wp-content\/uploads\/2025\/01\/Festejo_cartaz-1-223x300.png 223w, https:\/\/festejo.art.br\/2024\/belo-horizonte\/wp-content\/uploads\/2025\/01\/Festejo_cartaz-1-762x1024.png 762w, https:\/\/festejo.art.br\/2024\/belo-horizonte\/wp-content\/uploads\/2025\/01\/Festejo_cartaz-1-768x1033.png 768w, https:\/\/festejo.art.br\/2024\/belo-horizonte\/wp-content\/uploads\/2025\/01\/Festejo_cartaz-1-1142x1536.png 1142w, https:\/\/festejo.art.br\/2024\/belo-horizonte\/wp-content\/uploads\/2025\/01\/Festejo_cartaz-1-1523x2048.png 1523w\" sizes=\"(max-width: 223px) 100vw, 223px\" \/><\/p>\t\t\t\t\t\t<\/div>\n\t\t\t\t<\/div>\n\t\t\t\t<div class=\"elementor-element elementor-element-57ffe24 elementor-widget elementor-widget-text-editor\" data-id=\"57ffe24\" data-element_type=\"widget\" data-widget_type=\"text-editor.default\">\n\t\t\t\t<div class=\"elementor-widget-container\">\n\t\t\t\t\t\t\t<p>8\/9 . domingo . 10 \u00e0s 21h<\/p>\t\t\t\t\t\t<\/div>\n\t\t\t\t<\/div>\n\t\t\t\t<div class=\"elementor-element elementor-element-39132df elementor-widget elementor-widget-text-editor\" data-id=\"39132df\" data-element_type=\"widget\" data-widget_type=\"text-editor.default\">\n\t\t\t\t<div class=\"elementor-widget-container\">\n\t\t\t\t\t\t\t<p><strong>FUNARTE MG <\/strong>(Rua Janu\u00e1ria, 68 . Floresta)<\/p>\t\t\t\t\t\t<\/div>\n\t\t\t\t<\/div>\n\t\t\t\t<div class=\"elementor-element elementor-element-ccfcf71 elementor-widget elementor-widget-text-editor\" data-id=\"ccfcf71\" data-element_type=\"widget\" data-widget_type=\"text-editor.default\">\n\t\t\t\t<div class=\"elementor-widget-container\">\n\t\t\t\t\t\t\t<p>gratuito . classifica\u00e7\u00e3o livre<\/p>\t\t\t\t\t\t<\/div>\n\t\t\t\t<\/div>\n\t\t\t\t<div class=\"elementor-element elementor-element-2738db2 elementor-align-center elementor-widget__width-inherit elementor-widget elementor-widget-button\" data-id=\"2738db2\" data-element_type=\"widget\" data-widget_type=\"button.default\">\n\t\t\t\t<div class=\"elementor-widget-container\">\n\t\t\t\t\t<div class=\"elementor-button-wrapper\">\n\t\t\t<a class=\"elementor-button elementor-button-link elementor-size-sm\" href=\"https:\/\/festejo.art.br\/2024\/belo-horizonte\/programacao\/\">\n\t\t\t\t\t\t<span class=\"elementor-button-content-wrapper\">\n\t\t\t\t\t\t\t\t\t<span class=\"elementor-button-text\">Programa\u00e7\u00e3o<\/span>\n\t\t\t\t\t<\/span>\n\t\t\t\t\t<\/a>\n\t\t<\/div>\n\t\t\t\t<\/div>\n\t\t\t\t<\/div>\n\t\t\t\t\t<\/div>\n\t\t<\/div>\n\t\t\t\t\t<\/div>\n\t\t<\/section>\n\t\t\t\t\t<\/div>\n\t\t<\/div>\n\t\t\t\t\t<\/div>\n\t\t<\/section>\n\t\t\t\t<section class=\"elementor-section elementor-top-section elementor-element elementor-element-a5094c7 elementor-section-full_width elementor-section-height-default elementor-section-height-default\" data-id=\"a5094c7\" data-element_type=\"section\" data-settings=\"{&quot;background_background&quot;:&quot;classic&quot;}\">\n\t\t\t\t\t\t<div class=\"elementor-container elementor-column-gap-default\">\n\t\t\t\t\t<div class=\"elementor-column elementor-col-100 elementor-top-column elementor-element elementor-element-ff503a9\" data-id=\"ff503a9\" data-element_type=\"column\">\n\t\t\t<div class=\"elementor-widget-wrap elementor-element-populated\">\n\t\t\t\t\t\t<div class=\"elementor-element elementor-element-23f6a8f elementor-shape-circle e-grid-align-mobile-center elementor-widget__width-inherit elementor-grid-0 e-grid-align-center elementor-widget elementor-widget-social-icons\" data-id=\"23f6a8f\" data-element_type=\"widget\" data-widget_type=\"social-icons.default\">\n\t\t\t\t<div class=\"elementor-widget-container\">\n\t\t\t\t\t<div class=\"elementor-social-icons-wrapper elementor-grid\">\n\t\t\t\t\t\t\t<span class=\"elementor-grid-item\">\n\t\t\t\t\t<a class=\"elementor-icon elementor-social-icon elementor-social-icon-facebook elementor-repeater-item-d533e3a\" href=\"https:\/\/www.facebook.com\/festejotambormineiro\/\" target=\"_blank\">\n\t\t\t\t\t\t<span class=\"elementor-screen-only\">Facebook<\/span>\n\t\t\t\t\t\t<i class=\"fab fa-facebook\"><\/i>\t\t\t\t\t<\/a>\n\t\t\t\t<\/span>\n\t\t\t\t\t\t\t<span class=\"elementor-grid-item\">\n\t\t\t\t\t<a class=\"elementor-icon elementor-social-icon elementor-social-icon-instagram elementor-repeater-item-83ed20a\" href=\"https:\/\/www.instagram.com\/festejotambormineiro\/\" target=\"_blank\">\n\t\t\t\t\t\t<span class=\"elementor-screen-only\">Instagram<\/span>\n\t\t\t\t\t\t<i class=\"fab fa-instagram\"><\/i>\t\t\t\t\t<\/a>\n\t\t\t\t<\/span>\n\t\t\t\t\t\t\t<span class=\"elementor-grid-item\">\n\t\t\t\t\t<a class=\"elementor-icon elementor-social-icon elementor-social-icon-youtube elementor-repeater-item-b6eb838\" href=\"https:\/\/www.youtube.com\/festejotambormineiro\" target=\"_blank\">\n\t\t\t\t\t\t<span class=\"elementor-screen-only\">Youtube<\/span>\n\t\t\t\t\t\t<i class=\"fab fa-youtube\"><\/i>\t\t\t\t\t<\/a>\n\t\t\t\t<\/span>\n\t\t\t\t\t\t\t<span class=\"elementor-grid-item\">\n\t\t\t\t\t<a class=\"elementor-icon elementor-social-icon elementor-social-icon-envelope elementor-repeater-item-d431c3a\" href=\"mailto:festejo@napele.com.br\" target=\"_blank\">\n\t\t\t\t\t\t<span class=\"elementor-screen-only\">Envelope<\/span>\n\t\t\t\t\t\t<i class=\"fas fa-envelope\"><\/i>\t\t\t\t\t<\/a>\n\t\t\t\t<\/span>\n\t\t\t\t\t<\/div>\n\t\t\t\t<\/div>\n\t\t\t\t<\/div>\n\t\t\t\t<div class=\"elementor-element elementor-element-65876d7 elementor-widget elementor-widget-text-editor\" data-id=\"65876d7\" data-element_type=\"widget\" data-widget_type=\"text-editor.default\">\n\t\t\t\t<div class=\"elementor-widget-container\">\n\t\t\t\t\t\t\t<p>festejo@napele.com.br<\/p>\t\t\t\t\t\t<\/div>\n\t\t\t\t<\/div>\n\t\t\t\t\t<\/div>\n\t\t<\/div>\n\t\t\t\t\t<\/div>\n\t\t<\/section>\n\t\t\t\t<section class=\"elementor-section elementor-top-section elementor-element elementor-element-65e5fed elementor-section-boxed elementor-section-height-default elementor-section-height-default\" data-id=\"65e5fed\" data-element_type=\"section\" data-settings=\"{&quot;background_background&quot;:&quot;classic&quot;}\">\n\t\t\t\t\t\t<div class=\"elementor-container elementor-column-gap-default\">\n\t\t\t\t\t<div class=\"elementor-column elementor-col-100 elementor-top-column elementor-element elementor-element-574e801\" data-id=\"574e801\" data-element_type=\"column\" data-settings=\"{&quot;background_background&quot;:&quot;classic&quot;}\">\n\t\t\t<div class=\"elementor-widget-wrap elementor-element-populated\">\n\t\t\t\t\t\t<div class=\"elementor-element elementor-element-b2ee242 elementor-widget elementor-widget-image\" data-id=\"b2ee242\" data-element_type=\"widget\" data-widget_type=\"image.default\">\n\t\t\t\t<div class=\"elementor-widget-container\">\n\t\t\t\t\t\t\t\t\t\t\t\t\t<img decoding=\"async\" width=\"1843\" height=\"456\" src=\"https:\/\/festejo.art.br\/2024\/belo-horizonte\/wp-content\/uploads\/2025\/01\/Festejo_cartaz-7-e1736637473410.png\" class=\"attachment-full size-full wp-image-1593\" alt=\"\" srcset=\"https:\/\/festejo.art.br\/2024\/belo-horizonte\/wp-content\/uploads\/2025\/01\/Festejo_cartaz-7-e1736637473410.png 1843w, https:\/\/festejo.art.br\/2024\/belo-horizonte\/wp-content\/uploads\/2025\/01\/Festejo_cartaz-7-e1736637473410-300x74.png 300w, https:\/\/festejo.art.br\/2024\/belo-horizonte\/wp-content\/uploads\/2025\/01\/Festejo_cartaz-7-e1736637473410-1024x253.png 1024w, https:\/\/festejo.art.br\/2024\/belo-horizonte\/wp-content\/uploads\/2025\/01\/Festejo_cartaz-7-e1736637473410-768x190.png 768w, https:\/\/festejo.art.br\/2024\/belo-horizonte\/wp-content\/uploads\/2025\/01\/Festejo_cartaz-7-e1736637473410-1536x380.png 1536w\" sizes=\"(max-width: 1843px) 100vw, 1843px\" \/>\t\t\t\t\t\t\t\t\t\t\t\t\t<\/div>\n\t\t\t\t<\/div>\n\t\t\t\t\t<\/div>\n\t\t<\/div>\n\t\t\t\t\t<\/div>\n\t\t<\/section>\n\t\t\t\t<\/div>\n\t\t","protected":false},"excerpt":{"rendered":"<p>Minist\u00e9rio da Cultura,Governo de Minas Gerais,Instituto UNIMED-BHe Cemig apresentam: GUARDAS DE CONGADOSHOWSGRUPOS DE PERCUSS\u00c3OCIRCOFEIRA DE ARTECOMIDA AFRO-MINEIRA Participa\u00e7\u00e3o especialThiago da Serrinha (RJ) Minist\u00e9rio da Cultura,Governo de Minas Gerais,Instituto UNIMED-BHe Cemig apresentam: 8\/9 . domingo . 10 \u00e0s 21h FUNARTE MG (Rua Janu\u00e1ria, 68 . Floresta) gratuito . classifica\u00e7\u00e3o livre Programa\u00e7\u00e3o Facebook Instagram Youtube Envelope festejo@napele.com.br<\/p>\n","protected":false},"author":1,"featured_media":0,"parent":0,"menu_order":0,"comment_status":"closed","ping_status":"closed","template":"elementor_header_footer","meta":{"footnotes":""},"class_list":["post-11","page","type-page","status-publish","hentry"],"_links":{"self":[{"href":"https:\/\/festejo.art.br\/2024\/belo-horizonte\/wp-json\/wp\/v2\/pages\/11","targetHints":{"allow":["GET"]}}],"collection":[{"href":"https:\/\/festejo.art.br\/2024\/belo-horizonte\/wp-json\/wp\/v2\/pages"}],"about":[{"href":"https:\/\/festejo.art.br\/2024\/belo-horizonte\/wp-json\/wp\/v2\/types\/page"}],"author":[{"embeddable":true,"href":"https:\/\/festejo.art.br\/2024\/belo-horizonte\/wp-json\/wp\/v2\/users\/1"}],"replies":[{"embeddable":true,"href":"https:\/\/festejo.art.br\/2024\/belo-horizonte\/wp-json\/wp\/v2\/comments?post=11"}],"version-history":[{"count":559,"href":"https:\/\/festejo.art.br\/2024\/belo-horizonte\/wp-json\/wp\/v2\/pages\/11\/revisions"}],"predecessor-version":[{"id":1626,"href":"https:\/\/festejo.art.br\/2024\/belo-horizonte\/wp-json\/wp\/v2\/pages\/11\/revisions\/1626"}],"wp:attachment":[{"href":"https:\/\/festejo.art.br\/2024\/belo-horizonte\/wp-json\/wp\/v2\/media?parent=11"}],"curies":[{"name":"wp","href":"https:\/\/api.w.org\/{rel}","templated":true}]}}