{"id":1356,"date":"2024-02-28T11:50:21","date_gmt":"2024-02-28T14:50:21","guid":{"rendered":"https:\/\/festejo.art.br\/?page_id=1356"},"modified":"2025-01-11T21:02:28","modified_gmt":"2025-01-12T00:02:28","slug":"programacao","status":"publish","type":"page","link":"https:\/\/festejo.art.br\/2024\/belo-horizonte\/programacao\/","title":{"rendered":"Programa\u00e7\u00e3o"},"content":{"rendered":"\t\t<div data-elementor-type=\"wp-page\" data-elementor-id=\"1356\" class=\"elementor elementor-1356\">\n\t\t\t\t\t\t<section class=\"elementor-section elementor-top-section elementor-element elementor-element-4fca988 elementor-section-height-min-height elementor-section-items-top elementor-section-boxed elementor-section-height-default\" data-id=\"4fca988\" data-element_type=\"section\" data-settings=\"{&quot;background_background&quot;:&quot;classic&quot;}\">\n\t\t\t\t\t\t<div class=\"elementor-container elementor-column-gap-no\">\n\t\t\t\t\t<div class=\"elementor-column elementor-col-100 elementor-top-column elementor-element elementor-element-6e448046\" data-id=\"6e448046\" data-element_type=\"column\" data-settings=\"{&quot;background_background&quot;:&quot;classic&quot;}\">\n\t\t\t<div class=\"elementor-widget-wrap elementor-element-populated\">\n\t\t\t\t\t<div class=\"elementor-background-overlay\"><\/div>\n\t\t\t\t\t\t<div class=\"elementor-element elementor-element-a53e7e7 elementor-widget elementor-widget-heading\" data-id=\"a53e7e7\" data-element_type=\"widget\" data-widget_type=\"heading.default\">\n\t\t\t\t<div class=\"elementor-widget-container\">\n\t\t\t<h2 class=\"elementor-heading-title elementor-size-default\">programa\u00e7\u00e3o<\/h2>\t\t<\/div>\n\t\t\t\t<\/div>\n\t\t\t\t<div class=\"elementor-element elementor-element-90e2b74 elementor-widget elementor-widget-text-editor\" data-id=\"90e2b74\" data-element_type=\"widget\" data-widget_type=\"text-editor.default\">\n\t\t\t\t<div class=\"elementor-widget-container\">\n\t\t\t\t\t\t\t<h2><b>FESTEJO DO TAMBOR MINEIRO<\/b><\/h2><p><b>Funarte MG <\/b>(Rua Janu\u00e1ria, 68 &#8211; Floresta)<\/p><p>\u00a08\/9 . domingo . entre 10h e 21h<\/p><p><i>Entrada gratuita, mediante doa\u00e7\u00e3o de 1kg de alimento n\u00e3o perec\u00edvel<\/i><\/p><p><i>Classifica\u00e7\u00e3o livre<\/i><\/p>\t\t\t\t\t\t<\/div>\n\t\t\t\t<\/div>\n\t\t\t\t<div class=\"elementor-element elementor-element-aff7878 elementor-widget elementor-widget-heading\" data-id=\"aff7878\" data-element_type=\"widget\" data-widget_type=\"heading.default\">\n\t\t\t\t<div class=\"elementor-widget-container\">\n\t\t\t<h2 class=\"elementor-heading-title elementor-size-default\"><b>MANH\u00c3 \/ TARDE &gt;&gt;&gt;<\/b> REINADOS<\/h2>\t\t<\/div>\n\t\t\t\t<\/div>\n\t\t\t\t<div class=\"elementor-element elementor-element-3a656e85 elementor-widget elementor-widget-text-editor\" data-id=\"3a656e85\" data-element_type=\"widget\" data-widget_type=\"text-editor.default\">\n\t\t\t\t<div class=\"elementor-widget-container\">\n\t\t\t\t\t\t\t<ul><li style=\"font-size: 16px;\">Guarda de Mo\u00e7ambique do Divino do Reino de S\u00e3o Benedito (Bairro Aparecida, BH)<\/li><li style=\"font-size: 16px;\">Guarda de Mo\u00e7ambique S\u00e3o Jos\u00e9 (Bairro S\u00e3o Jos\u00e9, BH)<\/li><li style=\"font-size: 16px;\">Guarda de S\u00e3o Jorge de Nossa Senhora do Ros\u00e1rio (Bairro Conc\u00f3rdia, BH)<\/li><li style=\"font-size: 16px;\">Reinado da Comunidade Quilombola dos Arturos (Contagem, MG)<\/li><li style=\"font-size: 16px;\">Banda Dan\u00e7ante do Ros\u00e1rio de Santa Efig\u00eania (Conselheiro Lafaiete, MG)<\/li><li style=\"font-size: 16px;\">Guarda de Mo\u00e7ambique Nossa Senhora do Ros\u00e1rio e Santa Efig\u00eania (Ouro Preto, MG)<\/li><li style=\"font-size: 16px;\">Guarda de Congo Nossa Senhora do Ros\u00e1rio e Santa Efig\u00eania (Ouro Preto, MG)<\/li><li style=\"font-size: 16px;\">Guarda de Mo\u00e7ambique Nossa Senhora do Ros\u00e1rio e Sagrado Cora\u00e7\u00e3o De Jesus &#8211; Irmandade Os Carolinos (Aparecida, BH)<\/li><li style=\"font-size: 16px;\">Guarda de Mo\u00e7ambique de Nossa Senhora do Ros\u00e1rio (Santo Andr\u00e9, BH)<\/li><li style=\"font-size: 16px;\">Guarda de Congo Nossa Senhora das Merc\u00eas &#8211; Irmandade Os Ciriacos (Contagem, MG)<\/li><li style=\"font-size: 16px;\">Guarda Mo\u00e7ambique Nossa Senhora do Ros\u00e1rio &#8211; Irmandade Os Ciriacos (Contagem, MG)<\/li><\/ul>\t\t\t\t\t\t<\/div>\n\t\t\t\t<\/div>\n\t\t\t\t<div class=\"elementor-element elementor-element-3b31969 elementor-widget elementor-widget-heading\" data-id=\"3b31969\" data-element_type=\"widget\" data-widget_type=\"heading.default\">\n\t\t\t\t<div class=\"elementor-widget-container\">\n\t\t\t<h2 class=\"elementor-heading-title elementor-size-default\"><b>TARDE \/ NOITE &gt;&gt;&gt;<\/b> PROGRAMA\u00c7\u00c3O ART\u00cdSTICA<\/h2>\t\t<\/div>\n\t\t\t\t<\/div>\n\t\t\t\t<div class=\"elementor-element elementor-element-0c4ce85 elementor-widget elementor-widget-text-editor\" data-id=\"0c4ce85\" data-element_type=\"widget\" data-widget_type=\"text-editor.default\">\n\t\t\t\t<div class=\"elementor-widget-container\">\n\t\t\t\t\t\t\t<div><div style=\"color: var( --e-global-color-1fcabd6 ); font-family: var( --e-global-typography-secondary-font-family ), Sans-serif; font-size: 1rem; font-weight: var( --e-global-typography-secondary-font-weight );\"><ul style=\"font-size: 16px; background-color: #ffffff; text-align: start;\"><li style=\"font-size: 16px;\">Marisco (Bolhas Brincantes)<\/li><li style=\"font-size: 16px;\">Led e Lamparina (Performance de Circo)<\/li><li style=\"font-size: 16px;\">Bruno Messias, Bloco Sa\u00fade e Bloco Tambor Mineiro<\/li><li style=\"font-size: 16px;\">Grupo Valentinas (Ipatinga, MG)<\/li><li style=\"font-size: 16px;\">Arautos do Gueto<\/li><li style=\"font-size: 16px;\">Patangome Maracarte<\/li><li style=\"font-size: 16px;\">Mauricio Tizumba, Grupo Tambor Mineiro e Thiago Da Serrinha (Rio De Janeiro, RJ)<\/li><li style=\"font-size: 16px;\">S\u00e9rgio Perer\u00ea e Bloco Oficina Tambolel\u00ea<\/li><\/ul><\/div><\/div>\t\t\t\t\t\t<\/div>\n\t\t\t\t<\/div>\n\t\t\t\t\t<\/div>\n\t\t<\/div>\n\t\t\t\t\t<\/div>\n\t\t<\/section>\n\t\t\t\t<section class=\"elementor-section elementor-top-section elementor-element elementor-element-2ab6043f elementor-section-full_width elementor-section-height-default elementor-section-height-default\" data-id=\"2ab6043f\" data-element_type=\"section\" data-settings=\"{&quot;background_background&quot;:&quot;classic&quot;}\">\n\t\t\t\t\t\t<div class=\"elementor-container elementor-column-gap-default\">\n\t\t\t\t\t<div class=\"elementor-column elementor-col-100 elementor-top-column elementor-element elementor-element-39bf3820\" data-id=\"39bf3820\" data-element_type=\"column\">\n\t\t\t<div class=\"elementor-widget-wrap elementor-element-populated\">\n\t\t\t\t\t\t<div class=\"elementor-element elementor-element-41d60037 elementor-shape-circle e-grid-align-mobile-center elementor-widget__width-inherit elementor-grid-0 e-grid-align-center elementor-widget elementor-widget-social-icons\" data-id=\"41d60037\" data-element_type=\"widget\" data-widget_type=\"social-icons.default\">\n\t\t\t\t<div class=\"elementor-widget-container\">\n\t\t\t\t\t<div class=\"elementor-social-icons-wrapper elementor-grid\">\n\t\t\t\t\t\t\t<span class=\"elementor-grid-item\">\n\t\t\t\t\t<a class=\"elementor-icon elementor-social-icon elementor-social-icon-facebook elementor-repeater-item-d533e3a\" href=\"https:\/\/www.facebook.com\/festejotambormineiro\/\" target=\"_blank\">\n\t\t\t\t\t\t<span class=\"elementor-screen-only\">Facebook<\/span>\n\t\t\t\t\t\t<i class=\"fab fa-facebook\"><\/i>\t\t\t\t\t<\/a>\n\t\t\t\t<\/span>\n\t\t\t\t\t\t\t<span class=\"elementor-grid-item\">\n\t\t\t\t\t<a class=\"elementor-icon elementor-social-icon elementor-social-icon-instagram elementor-repeater-item-83ed20a\" href=\"https:\/\/www.instagram.com\/festejotambormineiro\/\" target=\"_blank\">\n\t\t\t\t\t\t<span class=\"elementor-screen-only\">Instagram<\/span>\n\t\t\t\t\t\t<i class=\"fab fa-instagram\"><\/i>\t\t\t\t\t<\/a>\n\t\t\t\t<\/span>\n\t\t\t\t\t\t\t<span class=\"elementor-grid-item\">\n\t\t\t\t\t<a class=\"elementor-icon elementor-social-icon elementor-social-icon-youtube elementor-repeater-item-b6eb838\" href=\"https:\/\/www.youtube.com\/festejotambormineiro\" target=\"_blank\">\n\t\t\t\t\t\t<span class=\"elementor-screen-only\">Youtube<\/span>\n\t\t\t\t\t\t<i class=\"fab fa-youtube\"><\/i>\t\t\t\t\t<\/a>\n\t\t\t\t<\/span>\n\t\t\t\t\t\t\t<span class=\"elementor-grid-item\">\n\t\t\t\t\t<a class=\"elementor-icon elementor-social-icon elementor-social-icon-envelope elementor-repeater-item-d431c3a\" href=\"mailto:festejo@napele.com.br\" target=\"_blank\">\n\t\t\t\t\t\t<span class=\"elementor-screen-only\">Envelope<\/span>\n\t\t\t\t\t\t<i class=\"fas fa-envelope\"><\/i>\t\t\t\t\t<\/a>\n\t\t\t\t<\/span>\n\t\t\t\t\t<\/div>\n\t\t\t\t<\/div>\n\t\t\t\t<\/div>\n\t\t\t\t<div class=\"elementor-element elementor-element-308badab elementor-widget elementor-widget-text-editor\" data-id=\"308badab\" data-element_type=\"widget\" data-widget_type=\"text-editor.default\">\n\t\t\t\t<div class=\"elementor-widget-container\">\n\t\t\t\t\t\t\t<p>festejo@napele.com.br<\/p>\t\t\t\t\t\t<\/div>\n\t\t\t\t<\/div>\n\t\t\t\t\t<\/div>\n\t\t<\/div>\n\t\t\t\t\t<\/div>\n\t\t<\/section>\n\t\t\t\t<section class=\"elementor-section elementor-top-section elementor-element elementor-element-4f852f82 elementor-section-boxed elementor-section-height-default elementor-section-height-default\" data-id=\"4f852f82\" data-element_type=\"section\" data-settings=\"{&quot;background_background&quot;:&quot;classic&quot;}\">\n\t\t\t\t\t\t<div class=\"elementor-container elementor-column-gap-default\">\n\t\t\t\t\t<div class=\"elementor-column elementor-col-100 elementor-top-column elementor-element elementor-element-61e426e\" data-id=\"61e426e\" data-element_type=\"column\" data-settings=\"{&quot;background_background&quot;:&quot;classic&quot;}\">\n\t\t\t<div class=\"elementor-widget-wrap elementor-element-populated\">\n\t\t\t\t\t\t<div class=\"elementor-element elementor-element-26d83b88 elementor-widget elementor-widget-image\" data-id=\"26d83b88\" data-element_type=\"widget\" data-widget_type=\"image.default\">\n\t\t\t\t<div class=\"elementor-widget-container\">\n\t\t\t\t\t\t\t\t\t\t\t\t\t<img fetchpriority=\"high\" decoding=\"async\" width=\"1843\" height=\"456\" src=\"https:\/\/festejo.art.br\/2024\/belo-horizonte\/wp-content\/uploads\/2025\/01\/Festejo_cartaz-7-e1736637473410.png\" class=\"attachment-full size-full wp-image-1593\" alt=\"\" srcset=\"https:\/\/festejo.art.br\/2024\/belo-horizonte\/wp-content\/uploads\/2025\/01\/Festejo_cartaz-7-e1736637473410.png 1843w, https:\/\/festejo.art.br\/2024\/belo-horizonte\/wp-content\/uploads\/2025\/01\/Festejo_cartaz-7-e1736637473410-300x74.png 300w, https:\/\/festejo.art.br\/2024\/belo-horizonte\/wp-content\/uploads\/2025\/01\/Festejo_cartaz-7-e1736637473410-1024x253.png 1024w, https:\/\/festejo.art.br\/2024\/belo-horizonte\/wp-content\/uploads\/2025\/01\/Festejo_cartaz-7-e1736637473410-768x190.png 768w, https:\/\/festejo.art.br\/2024\/belo-horizonte\/wp-content\/uploads\/2025\/01\/Festejo_cartaz-7-e1736637473410-1536x380.png 1536w\" sizes=\"(max-width: 1843px) 100vw, 1843px\" \/>\t\t\t\t\t\t\t\t\t\t\t\t\t<\/div>\n\t\t\t\t<\/div>\n\t\t\t\t\t<\/div>\n\t\t<\/div>\n\t\t\t\t\t<\/div>\n\t\t<\/section>\n\t\t\t\t<\/div>\n\t\t","protected":false},"excerpt":{"rendered":"<p>programa\u00e7\u00e3o FESTEJO DO TAMBOR MINEIRO Funarte MG (Rua Janu\u00e1ria, 68 &#8211; Floresta) \u00a08\/9 . domingo . entre 10h e 21h Entrada gratuita, mediante doa\u00e7\u00e3o de 1kg de alimento n\u00e3o perec\u00edvel Classifica\u00e7\u00e3o livre MANH\u00c3 \/ TARDE &gt;&gt;&gt; REINADOS Guarda de Mo\u00e7ambique do Divino do Reino de S\u00e3o Benedito (Bairro Aparecida, BH) Guarda de Mo\u00e7ambique S\u00e3o Jos\u00e9 [&hellip;]<\/p>\n","protected":false},"author":1,"featured_media":0,"parent":0,"menu_order":0,"comment_status":"closed","ping_status":"closed","template":"","meta":{"footnotes":""},"class_list":["post-1356","page","type-page","status-publish","hentry"],"_links":{"self":[{"href":"https:\/\/festejo.art.br\/2024\/belo-horizonte\/wp-json\/wp\/v2\/pages\/1356","targetHints":{"allow":["GET"]}}],"collection":[{"href":"https:\/\/festejo.art.br\/2024\/belo-horizonte\/wp-json\/wp\/v2\/pages"}],"about":[{"href":"https:\/\/festejo.art.br\/2024\/belo-horizonte\/wp-json\/wp\/v2\/types\/page"}],"author":[{"embeddable":true,"href":"https:\/\/festejo.art.br\/2024\/belo-horizonte\/wp-json\/wp\/v2\/users\/1"}],"replies":[{"embeddable":true,"href":"https:\/\/festejo.art.br\/2024\/belo-horizonte\/wp-json\/wp\/v2\/comments?post=1356"}],"version-history":[{"count":28,"href":"https:\/\/festejo.art.br\/2024\/belo-horizonte\/wp-json\/wp\/v2\/pages\/1356\/revisions"}],"predecessor-version":[{"id":1654,"href":"https:\/\/festejo.art.br\/2024\/belo-horizonte\/wp-json\/wp\/v2\/pages\/1356\/revisions\/1654"}],"wp:attachment":[{"href":"https:\/\/festejo.art.br\/2024\/belo-horizonte\/wp-json\/wp\/v2\/media?parent=1356"}],"curies":[{"name":"wp","href":"https:\/\/api.w.org\/{rel}","templated":true}]}}