{"id":684,"date":"2021-08-16T10:49:50","date_gmt":"2021-08-16T13:49:50","guid":{"rendered":"https:\/\/festejo.art.br\/?page_id=684"},"modified":"2024-04-20T17:44:06","modified_gmt":"2024-04-20T20:44:06","slug":"sobre","status":"publish","type":"page","link":"https:\/\/festejo.art.br\/2024\/belo-horizonte\/sobre\/","title":{"rendered":"Sobre"},"content":{"rendered":"\t\t<div data-elementor-type=\"wp-page\" data-elementor-id=\"684\" class=\"elementor elementor-684\">\n\t\t\t\t\t\t<section class=\"elementor-section elementor-top-section elementor-element elementor-element-4fca988 elementor-section-height-full elementor-section-items-top elementor-section-boxed elementor-section-height-default\" data-id=\"4fca988\" data-element_type=\"section\" data-settings=\"{&quot;background_background&quot;:&quot;classic&quot;}\">\n\t\t\t\t\t\t<div class=\"elementor-container elementor-column-gap-no\">\n\t\t\t\t\t<div class=\"elementor-column elementor-col-100 elementor-top-column elementor-element elementor-element-3d0857c\" data-id=\"3d0857c\" data-element_type=\"column\" data-settings=\"{&quot;background_background&quot;:&quot;classic&quot;}\">\n\t\t\t<div class=\"elementor-widget-wrap elementor-element-populated\">\n\t\t\t\t\t\t<section class=\"elementor-section elementor-inner-section elementor-element elementor-element-aa632d4 elementor-section-height-full elementor-section-boxed elementor-section-height-default\" data-id=\"aa632d4\" data-element_type=\"section\">\n\t\t\t\t\t\t<div class=\"elementor-container elementor-column-gap-default\">\n\t\t\t\t\t<div class=\"elementor-column elementor-col-100 elementor-inner-column elementor-element elementor-element-57709f2\" data-id=\"57709f2\" data-element_type=\"column\">\n\t\t\t<div class=\"elementor-widget-wrap elementor-element-populated\">\n\t\t\t\t\t\t<div class=\"elementor-element elementor-element-a53e7e7 elementor-widget elementor-widget-heading\" data-id=\"a53e7e7\" data-element_type=\"widget\" data-widget_type=\"heading.default\">\n\t\t\t\t<div class=\"elementor-widget-container\">\n\t\t\t<h2 class=\"elementor-heading-title elementor-size-default\">SOBRE<\/h2>\t\t<\/div>\n\t\t\t\t<\/div>\n\t\t\t\t<div class=\"elementor-element elementor-element-cade422 elementor-widget__width-initial elementor-widget elementor-widget-text-editor\" data-id=\"cade422\" data-element_type=\"widget\" data-widget_type=\"text-editor.default\">\n\t\t\t\t<div class=\"elementor-widget-container\">\n\t\t\t\t\t\t\t<p>Idealizado por <strong>Mauricio Tizumba<\/strong> e realizado desde 2002, o <strong>Festejo do Tambor Mineiro<\/strong> \u00e9 um dos principais festivais culturais da capital mineira. Com o objetivo de difundir e valorizar a cultura afro-mineira, re\u00fane anualmente guardas de congado de Minas Gerais, grupos percussivos, grandes nomes da m\u00fasica afro-brasileira e feira de artesanato e de comidas, atraindo um p\u00fablico de cerca de 5 mil pessoas a cada edi\u00e7\u00e3o. O festival faz parte do calend\u00e1rio oficial de Belo Horizonte. Todos os anos, o Festejo do Tambor Mineiro\u200b tamb\u00e9m recolhe alimentos para somar \u00e0s festas das guardas e fortalecer os festejos de Irmandades do Ros\u00e1rio.<\/p><p>Em 2024, o <strong>Festejo do Tambor Mineiro<\/strong> vai celebrar o Reinado de Minas Gerais pela primeira vez em <strong>Ouro Preto<\/strong>. Reunindo guardas de congado, apresenta\u00e7\u00f5es art\u00edsticas e feira de arte e gastronomia, a edi\u00e7\u00e3o especial ser\u00e1 no dia <strong>19 de maio<\/strong>, domingo, a partir das<strong> 9 horas<\/strong>, na <strong>Vila da Chapada<\/strong>, perto de Lavras Novas. <br \/><br \/><strong>A entrada \u00e9 gratuita.<\/strong><\/p>\t\t\t\t\t\t<\/div>\n\t\t\t\t<\/div>\n\t\t\t\t\t<\/div>\n\t\t<\/div>\n\t\t\t\t\t<\/div>\n\t\t<\/section>\n\t\t\t\t\t<\/div>\n\t\t<\/div>\n\t\t\t\t\t<\/div>\n\t\t<\/section>\n\t\t\t\t<section class=\"elementor-section elementor-top-section elementor-element elementor-element-1d3d670 elementor-section-boxed elementor-section-height-default elementor-section-height-default\" data-id=\"1d3d670\" data-element_type=\"section\" data-settings=\"{&quot;background_background&quot;:&quot;classic&quot;}\">\n\t\t\t\t\t\t<div class=\"elementor-container elementor-column-gap-default\">\n\t\t\t\t\t<div class=\"elementor-column elementor-col-100 elementor-top-column elementor-element elementor-element-63d82c2\" data-id=\"63d82c2\" data-element_type=\"column\">\n\t\t\t<div class=\"elementor-widget-wrap elementor-element-populated\">\n\t\t\t\t\t\t<div class=\"elementor-element elementor-element-e711c53 elementor-shape-circle e-grid-align-right e-grid-align-mobile-left elementor-grid-0 elementor-widget elementor-widget-social-icons\" data-id=\"e711c53\" data-element_type=\"widget\" data-widget_type=\"social-icons.default\">\n\t\t\t\t<div class=\"elementor-widget-container\">\n\t\t\t\t\t<div class=\"elementor-social-icons-wrapper elementor-grid\">\n\t\t\t\t\t\t\t<span class=\"elementor-grid-item\">\n\t\t\t\t\t<a class=\"elementor-icon elementor-social-icon elementor-social-icon-facebook elementor-repeater-item-d533e3a\" href=\"https:\/\/www.facebook.com\/festejotambormineiro\/\" target=\"_blank\">\n\t\t\t\t\t\t<span class=\"elementor-screen-only\">Facebook<\/span>\n\t\t\t\t\t\t<i class=\"fab fa-facebook\"><\/i>\t\t\t\t\t<\/a>\n\t\t\t\t<\/span>\n\t\t\t\t\t\t\t<span class=\"elementor-grid-item\">\n\t\t\t\t\t<a class=\"elementor-icon elementor-social-icon elementor-social-icon-instagram elementor-repeater-item-a60936e\" href=\"https:\/\/www.instagram.com\/festejotambormineiro\/\" target=\"_blank\">\n\t\t\t\t\t\t<span class=\"elementor-screen-only\">Instagram<\/span>\n\t\t\t\t\t\t<i class=\"fab fa-instagram\"><\/i>\t\t\t\t\t<\/a>\n\t\t\t\t<\/span>\n\t\t\t\t\t\t\t<span class=\"elementor-grid-item\">\n\t\t\t\t\t<a class=\"elementor-icon elementor-social-icon elementor-social-icon-youtube elementor-repeater-item-b6eb838\" href=\"https:\/\/www.youtube.com\/festejotambormineiro\" target=\"_blank\">\n\t\t\t\t\t\t<span class=\"elementor-screen-only\">Youtube<\/span>\n\t\t\t\t\t\t<i class=\"fab fa-youtube\"><\/i>\t\t\t\t\t<\/a>\n\t\t\t\t<\/span>\n\t\t\t\t\t\t\t<span class=\"elementor-grid-item\">\n\t\t\t\t\t<a class=\"elementor-icon elementor-social-icon elementor-social-icon-envelope elementor-repeater-item-d431c3a\" href=\"mailto:festejo@napele.com.br\" target=\"_blank\">\n\t\t\t\t\t\t<span class=\"elementor-screen-only\">Envelope<\/span>\n\t\t\t\t\t\t<i class=\"fas fa-envelope\"><\/i>\t\t\t\t\t<\/a>\n\t\t\t\t<\/span>\n\t\t\t\t\t<\/div>\n\t\t\t\t<\/div>\n\t\t\t\t<\/div>\n\t\t\t\t<div class=\"elementor-element elementor-element-f9ac30f elementor-widget elementor-widget-text-editor\" data-id=\"f9ac30f\" data-element_type=\"widget\" data-widget_type=\"text-editor.default\">\n\t\t\t\t<div class=\"elementor-widget-container\">\n\t\t\t\t\t\t\t<p>festejo@napele.com.br<\/p>\t\t\t\t\t\t<\/div>\n\t\t\t\t<\/div>\n\t\t\t\t\t<\/div>\n\t\t<\/div>\n\t\t\t\t\t<\/div>\n\t\t<\/section>\n\t\t\t\t<section class=\"elementor-section elementor-top-section elementor-element elementor-element-977b996 elementor-section-boxed elementor-section-height-default elementor-section-height-default\" data-id=\"977b996\" data-element_type=\"section\" data-settings=\"{&quot;background_background&quot;:&quot;classic&quot;}\">\n\t\t\t\t\t\t<div class=\"elementor-container elementor-column-gap-default\">\n\t\t\t\t\t<div class=\"elementor-column elementor-col-100 elementor-top-column elementor-element elementor-element-b45da27\" data-id=\"b45da27\" data-element_type=\"column\">\n\t\t\t<div class=\"elementor-widget-wrap elementor-element-populated\">\n\t\t\t\t\t\t<div class=\"elementor-element elementor-element-5298dce elementor-hidden-phone elementor-widget elementor-widget-image\" data-id=\"5298dce\" data-element_type=\"widget\" data-widget_type=\"image.default\">\n\t\t\t\t<div class=\"elementor-widget-container\">\n\t\t\t\t\t\t\t\t\t\t\t\t\t<img fetchpriority=\"high\" decoding=\"async\" width=\"1146\" height=\"169\" src=\"https:\/\/festejo.art.br\/2024\/belo-horizonte\/wp-content\/uploads\/2024\/04\/regua_patrocinio.png\" class=\"attachment-full size-full wp-image-1409\" alt=\"\" srcset=\"https:\/\/festejo.art.br\/2024\/belo-horizonte\/wp-content\/uploads\/2024\/04\/regua_patrocinio.png 1146w, https:\/\/festejo.art.br\/2024\/belo-horizonte\/wp-content\/uploads\/2024\/04\/regua_patrocinio-300x44.png 300w, https:\/\/festejo.art.br\/2024\/belo-horizonte\/wp-content\/uploads\/2024\/04\/regua_patrocinio-1024x151.png 1024w, https:\/\/festejo.art.br\/2024\/belo-horizonte\/wp-content\/uploads\/2024\/04\/regua_patrocinio-768x113.png 768w\" sizes=\"(max-width: 1146px) 100vw, 1146px\" \/>\t\t\t\t\t\t\t\t\t\t\t\t\t<\/div>\n\t\t\t\t<\/div>\n\t\t\t\t\t<\/div>\n\t\t<\/div>\n\t\t\t\t\t<\/div>\n\t\t<\/section>\n\t\t\t\t<\/div>\n\t\t","protected":false},"excerpt":{"rendered":"<p>SOBRE Idealizado por Mauricio Tizumba e realizado desde 2002, o Festejo do Tambor Mineiro \u00e9 um dos principais festivais culturais da capital mineira. Com o objetivo de difundir e valorizar a cultura afro-mineira, re\u00fane anualmente guardas de congado de Minas Gerais, grupos percussivos, grandes nomes da m\u00fasica afro-brasileira e feira de artesanato e de comidas, [&hellip;]<\/p>\n","protected":false},"author":1,"featured_media":0,"parent":0,"menu_order":0,"comment_status":"closed","ping_status":"closed","template":"elementor_header_footer","meta":{"footnotes":""},"class_list":["post-684","page","type-page","status-publish","hentry"],"_links":{"self":[{"href":"https:\/\/festejo.art.br\/2024\/belo-horizonte\/wp-json\/wp\/v2\/pages\/684","targetHints":{"allow":["GET"]}}],"collection":[{"href":"https:\/\/festejo.art.br\/2024\/belo-horizonte\/wp-json\/wp\/v2\/pages"}],"about":[{"href":"https:\/\/festejo.art.br\/2024\/belo-horizonte\/wp-json\/wp\/v2\/types\/page"}],"author":[{"embeddable":true,"href":"https:\/\/festejo.art.br\/2024\/belo-horizonte\/wp-json\/wp\/v2\/users\/1"}],"replies":[{"embeddable":true,"href":"https:\/\/festejo.art.br\/2024\/belo-horizonte\/wp-json\/wp\/v2\/comments?post=684"}],"version-history":[{"count":65,"href":"https:\/\/festejo.art.br\/2024\/belo-horizonte\/wp-json\/wp\/v2\/pages\/684\/revisions"}],"predecessor-version":[{"id":1440,"href":"https:\/\/festejo.art.br\/2024\/belo-horizonte\/wp-json\/wp\/v2\/pages\/684\/revisions\/1440"}],"wp:attachment":[{"href":"https:\/\/festejo.art.br\/2024\/belo-horizonte\/wp-json\/wp\/v2\/media?parent=684"}],"curies":[{"name":"wp","href":"https:\/\/api.w.org\/{rel}","templated":true}]}}