{"id":1356,"date":"2024-02-28T11:50:21","date_gmt":"2024-02-28T14:50:21","guid":{"rendered":"https:\/\/festejo.art.br\/?page_id=1356"},"modified":"2024-05-05T15:14:08","modified_gmt":"2024-05-05T18:14:08","slug":"programacao","status":"publish","type":"page","link":"https:\/\/festejo.art.br\/2024\/ouro-preto\/programacao\/","title":{"rendered":"Programa\u00e7\u00e3o"},"content":{"rendered":"\t\t<div data-elementor-type=\"wp-page\" data-elementor-id=\"1356\" class=\"elementor elementor-1356\">\n\t\t\t\t\t\t<section class=\"elementor-section elementor-top-section elementor-element elementor-element-4fca988 elementor-section-height-min-height elementor-section-items-top elementor-section-boxed elementor-section-height-default\" data-id=\"4fca988\" data-element_type=\"section\" data-settings=\"{&quot;background_background&quot;:&quot;classic&quot;}\">\n\t\t\t\t\t\t<div class=\"elementor-container elementor-column-gap-no\">\n\t\t\t\t\t<div class=\"elementor-column elementor-col-100 elementor-top-column elementor-element elementor-element-6e448046\" data-id=\"6e448046\" data-element_type=\"column\" data-settings=\"{&quot;background_background&quot;:&quot;classic&quot;}\">\n\t\t\t<div class=\"elementor-widget-wrap elementor-element-populated\">\n\t\t\t\t\t<div class=\"elementor-background-overlay\"><\/div>\n\t\t\t\t\t\t<div class=\"elementor-element elementor-element-a53e7e7 elementor-widget elementor-widget-heading\" data-id=\"a53e7e7\" data-element_type=\"widget\" data-widget_type=\"heading.default\">\n\t\t\t\t<div class=\"elementor-widget-container\">\n\t\t\t<h2 class=\"elementor-heading-title elementor-size-default\">programa\u00e7\u00e3o<\/h2>\t\t<\/div>\n\t\t\t\t<\/div>\n\t\t\t\t<div class=\"elementor-element elementor-element-90e2b74 elementor-widget elementor-widget-text-editor\" data-id=\"90e2b74\" data-element_type=\"widget\" data-widget_type=\"text-editor.default\">\n\t\t\t\t<div class=\"elementor-widget-container\">\n\t\t\t\t\t\t\t<h2><b>FESTEJO DO TAMBOR MINEIRO .&nbsp;<\/b>edi\u00e7\u00e3o Ouro Preto<\/h2>\n<p><span style=\"color: var( --e-global-color-1fcabd6 ); font-family: var( --e-global-typography-secondary-font-family ), Sans-serif; font-weight: var( --e-global-typography-secondary-font-weight ); font-size: 1rem;\">Vila da Chapada (perto de Lavras Novas)<\/span><\/p>\n<p>19\/5, domingo, a partir das 9h<\/p>\n<p><i>Gratuito<\/i><\/p>\n<p><i>Classifica\u00e7\u00e3o livre<\/i><\/p>\t\t\t\t\t\t<\/div>\n\t\t\t\t<\/div>\n\t\t\t\t<div class=\"elementor-element elementor-element-aff7878 elementor-widget elementor-widget-heading\" data-id=\"aff7878\" data-element_type=\"widget\" data-widget_type=\"heading.default\">\n\t\t\t\t<div class=\"elementor-widget-container\">\n\t\t\t<h2 class=\"elementor-heading-title elementor-size-default\"><b>MANH\u00c3 >>><\/b> REINADOS<\/h2>\t\t<\/div>\n\t\t\t\t<\/div>\n\t\t\t\t<div class=\"elementor-element elementor-element-3a656e85 elementor-widget elementor-widget-text-editor\" data-id=\"3a656e85\" data-element_type=\"widget\" data-widget_type=\"text-editor.default\">\n\t\t\t\t<div class=\"elementor-widget-container\">\n\t\t\t\t\t\t\t<ul><li>Guarda de Mo\u00e7ambique e Guarda de Congo de S\u00e3o Benedito de Nossa Senhora do Ros\u00e1rio &#8211; Irmandade do Jatob\u00e1 (Belo Horizonte-MG)<\/li><li>Guarda de Mo\u00e7ambique do Divino do Reino de S\u00e3o Benedito (Belo Horizonte-MG)<\/li><li>Guarda de Congo Feminina de Nossa Senhora do Ros\u00e1rio (Belo Horizonte-MG)<\/li><li>Guarda de Mo\u00e7ambique S\u00e3o Jos\u00e9 (Belo Horizonte-MG)<\/li><li>Guarda de Mo\u00e7ambique de Nossa Senhora do Ros\u00e1rio (Belo Horizonte-MG)<\/li><li>Guarda S\u00e3o Jorge de Nossa Senhora do Ros\u00e1rio (Belo Horizonte-MG)<\/li><li>Guarda de Marujos Marinheiros e Sereia do Mar (Congonhas-MG)<\/li><li>Banda de Congado Nossa Senhora do Ros\u00e1rio e Santa Efig\u00eania (Miguel Burnier, Ouro Preto-MG)<\/li><li>Congado Marujo de Nossa Senhora do Ros\u00e1rio e Santa Efig\u00eania (Belo Vale-MG)<\/li><li>Associa\u00e7\u00e3o Guarda de Mo\u00e7ambique de Belo Vale (Vargem Santana, Belo Vale-MG)<\/li><li>Guarda de Mo\u00e7ambique Nossa Senhora do Ros\u00e1rio e Santa Efig\u00eania (Ouro Preto-MG)<\/li><li>Guarda de Congo Nossa Senhora do Ros\u00e1rio e Santa Efig\u00eania (Ouro Preto-MG)<\/li><\/ul>\t\t\t\t\t\t<\/div>\n\t\t\t\t<\/div>\n\t\t\t\t<div class=\"elementor-element elementor-element-3b31969 elementor-widget elementor-widget-heading\" data-id=\"3b31969\" data-element_type=\"widget\" data-widget_type=\"heading.default\">\n\t\t\t\t<div class=\"elementor-widget-container\">\n\t\t\t<h2 class=\"elementor-heading-title elementor-size-default\"><b>TARDE >>><\/b> PROGRAMA\u00c7\u00c3O ART\u00cdSTICA<\/h2>\t\t<\/div>\n\t\t\t\t<\/div>\n\t\t\t\t<div class=\"elementor-element elementor-element-0c4ce85 elementor-widget elementor-widget-text-editor\" data-id=\"0c4ce85\" data-element_type=\"widget\" data-widget_type=\"text-editor.default\">\n\t\t\t\t<div class=\"elementor-widget-container\">\n\t\t\t\t\t\t\t<p>Bruno Messias, Bloco Sa\u00fade e Bloco Tambor Mineiro (Belo Horizonte-MG)<span style=\"color: var( --e-global-color-1fcabd6 ); font-family: var( --e-global-typography-secondary-font-family ), Sans-serif; font-weight: var( --e-global-typography-secondary-font-weight ); font-size: 1rem;\"><br><\/span><\/p>\n<blockquote>\n<p><span style=\"color: var( --e-global-color-1fcabd6 ); font-family: var( --e-global-typography-secondary-font-family ), Sans-serif; font-weight: var( --e-global-typography-secondary-font-weight ); font-size: 1rem;\">BRUNO MESSIAS \u00e9 educador musical, percussionista e cantor reconhecido internacionalmente. \u00c9 o maestro e ess\u00eancia musical do BLOCO SA\u00daDE. Desde 2008, ele se dedica \u00e0 promo\u00e7\u00e3o da cultura negra no Brasil e no exterior, com passagens por Portugal, Espanha, Alemanha, EUA e Bangladesh. Sua participa\u00e7\u00e3o em eventos como o 49\u00ba Festival Villa Lobos e o 27\u00ba Pr\u00eamio da M\u00fasica Brasileira ressaltam seu talento e versatilidade. Atualmente, Bruno \u00e9 diretor musical do projeto Meninos de Minas em Belo Horizonte, al\u00e9m de reger os blocos Tereza Beleza e Tambor Mineiro, levando uma festa contagiante \u00e0s ruas.<\/span><\/p>\n<\/blockquote>\n<p><span style=\"background-color: transparent; color: var( --e-global-color-1fcabd6 ); font-family: var( --e-global-typography-secondary-font-family ), Sans-serif; font-weight: var( --e-global-typography-secondary-font-weight );\">Grupo Ingoma (Juiz de Fora-MG)<\/span><\/p>\n<p><\/p>\n<blockquote>\n<p>INGOMA \u00e9 um grupo art\u00edstico e de pesquisa sobre manifesta\u00e7\u00f5es populares tradicionais brasileiras, especialmente em Minas Gerais. Fundado em 2008 por Lucas Soares, o grupo valoriza o congado mineiro e outros elementos culturais atrav\u00e9s de composi\u00e7\u00f5es autorais e toadas tradicionais. Refer\u00eancia na Zona da Mata Mineira, o grupo j\u00e1 se apresentou em festivais e ao lado de grandes nomes da m\u00fasica brasileira. O grupo e seus alunos de oficinas de tambor formam um bloco que desfila no carnaval de Juiz de Fora. Com respeito aos congadeiros, o Ingoma participa de festas tradicionais em Minas, honrando os mestres e a cultura popular.<\/p>\n<\/blockquote>\n<div><span style=\"background-color: transparent; color: var( --e-global-color-1fcabd6 ); font-family: var( --e-global-typography-secondary-font-family ), Sans-serif; font-weight: var( --e-global-typography-secondary-font-weight ); font-size: 1rem;\">Radiante Jazz Band (Ouro Preto-MG)<\/span><\/div>\n<p><\/p>\n<blockquote>\n<p>RADIANT JAZZ BAND \u00e9 uma banda de jazz com influ\u00eancias do Dixieland, formada por amigos em 2023. Ativa em diversos cen\u00e1rios, como CorteJazz de festivais, casamentos e eventos corporativos, com muita energia e alegria, movimentando o p\u00fablico. Com instrumentos como trompete, clarinete e saxofone, a banda tem se destacado em eventos como o Festival &#8220;Os Sons do Brasil&#8221; e apresenta\u00e7\u00f5es no Museu Boulieu em Ouro Preto. Tamb\u00e9m contribuiu musicalmente para eventos corporativos e iniciativas inovadoras, como &#8220;M\u00fasica na Janela da Casa de Gonzaga&#8221; e cortejos natalinos promovidos pela Prefeitura de Ouro Preto.<\/p>\n<\/blockquote>\n<div><span style=\"background-color: transparent; color: var( --e-global-color-1fcabd6 ); font-family: var( --e-global-typography-secondary-font-family ), Sans-serif; font-weight: var( --e-global-typography-secondary-font-weight ); font-size: 1rem;\">Anabella Porta e Ignacio Ben\u00edtez (Pueblo Liebig, Argentina)<\/span><\/div>\n<p><\/p>\n<blockquote>\n<p>ANABELLA PORTA E IGNACIO BENITEZ s\u00e3o m\u00fasicos argentinos que exploram a tradi\u00e7\u00e3o popular de voz e viol\u00e3o portenhos. Com repert\u00f3rio que inclui chacarera, zamba, huayno e mais, o duo apresenta composi\u00e7\u00f5es pr\u00f3prias e can\u00e7\u00f5es de compositores populares. Ignacio Benitez, violonista e compositor, possui experi\u00eancia como docente e coordenador em projetos de m\u00fasica. Anabella Porta, percussionista e cantora autodidata, enriqueceu sua forma\u00e7\u00e3o na pesquisa das tradi\u00e7\u00f5es argentinas e brasileiras. Ministra oficinas de percuss\u00e3o e coordena atividades de media\u00e7\u00e3o para crian\u00e7as e adolescentes, promovendo a m\u00fasica e a cultura de forma acess\u00edvel.<\/p>\n<\/blockquote>\n<p>Roseane Corr\u00eaa (Belo Horizonte-MG)<br><\/p><p><\/p><blockquote><p>ROSEANE CORR\u00caA \u00e9 refer\u00eancia na arte circense de Belo Horizonte. Ela apresenta ao p\u00fablico uma performance que combina habilidades de acrobacias, lira, magia e a adrenalina do circo.<\/p><\/blockquote><p><span style=\"background-color: transparent; color: var( --e-global-color-1fcabd6 ); font-family: var( --e-global-typography-secondary-font-family ), Sans-serif; font-weight: var( --e-global-typography-secondary-font-weight ); font-size: 1rem;\">Cici Floresta e Bloco Encantado (Belo Horizonte-MG)<\/span><br><\/p>\n<p><\/p>\n<blockquote>\n<p>CICI FLORESTA \u00e9 uma mestra de capoeira e pesquisadora dedicada \u00e0 cultura popular afro-brasileira. Seu projeto musical, o BLOCO ENCANTADO, une ritmos como maracatu de baque virado, Bumba Meu Boi do Maranh\u00e3o e ciranda. Com influ\u00eancias diretas do Maracatu, o grupo honra tradi\u00e7\u00f5es como a Na\u00e7\u00e3o Estrela Brilhante de Recife. Sob a lideran\u00e7a da Cici Floresta (Alcione Oliveira), o coletivo promove ocupa\u00e7\u00f5es alegres e vivas em espa\u00e7os p\u00fablicos de Belo Horizonte, enaltecendo a cultura oral e os mestres populares. Com cinco anos de atua\u00e7\u00e3o, o grupo j\u00e1 se apresentou em diversos eventos, levando sua energia contagiante e suas composi\u00e7\u00f5es autorais para as ruas da cidade.<\/p>\n<\/blockquote>\n<p><span style=\"background-color: transparent; color: var( --e-global-color-1fcabd6 ); font-family: var( --e-global-typography-secondary-font-family ), Sans-serif; font-weight: var( --e-global-typography-secondary-font-weight );\">Pereira da Viola (Comunidade S\u00e3o Juli\u00e3o-MG)<\/span><\/p>\n<p><\/p>\n<blockquote>\n<p>PEREIRA DA VIOLA \u00e9 cantor, compositor e violeiro nascido na comunidade quilombola de S\u00e3o Juli\u00e3o, Minas Gerais. Com influ\u00eancias afro-ind\u00edgenas, sua m\u00fasica reflete suas origens e aprendizados musicais desde a inf\u00e2ncia. Reconhecido nacionalmente, lan\u00e7ou sete \u00e1lbuns autorais e participou de projetos coletivos aclamados. Sua carreira internacional inclui apresenta\u00e7\u00f5es na Venezuela, Espanha, Portugal, Alemanha e Inglaterra. Pereira destaca-se por sua habilidade na viola, trazendo uma interpreta\u00e7\u00e3o \u00fanica que transcende fronteiras culturais. Seu trabalho enriquece e divulga as artes e tradi\u00e7\u00f5es de Minas Gerais e do Brasil, contribuindo para uma vis\u00e3o contempor\u00e2nea da m\u00fasica de raiz.<\/p>\n<\/blockquote>\n<div><span style=\"background-color: transparent; color: var( --e-global-color-1fcabd6 ); font-family: var( --e-global-typography-secondary-font-family ), Sans-serif; font-weight: var( --e-global-typography-secondary-font-weight ); font-size: 1rem;\">S\u00e9rgio Perer\u00ea e Bloco Oficina Tambolel\u00ea (Belo Horizonte-MG) part. Silvia Gomes (Ouro Preto-MG)<\/span><\/div>\n<p><\/p>\n<blockquote>\n<p>S\u00c9RGIO PERER\u00ca \u00e9 cantor, compositor, multi-instrumentista, ator e diretor musical. Seu trabalho \u00e9 reconhecido pelo di\u00e1logo que estabelece entre a tradi\u00e7\u00e3o e a experimenta\u00e7\u00e3o, pela profus\u00e3o de sonoridades \u2013 com destaque para as refer\u00eancias afro-latinas \u2013, e pelo timbre peculiar de sua voz. Sua poesia entrela\u00e7a temas cotidianos a enunciados metaf\u00edsicos e elementos do sagrado de matriz africana, como o culto \u00e0 ancestralidade e aos orix\u00e1s. J\u00e1 se apresentou em v\u00e1rias regi\u00f5es do Brasil e em pa\u00edses como Canad\u00e1, \u00c1ustria, Espanha, Mo\u00e7ambique, China e Argentina.<\/p>\n<p>BLOCO OFICINA TAMBOLEL\u00ca \u00e9 um grupo musical criado em 1999 pelos integrantes do Grupo Tambolel\u00ea, no bairro Novo Gl\u00f3ria, na periferia de Belo Horizonte. Surgiu com o objetivo de preparar a participa\u00e7\u00e3o no carnaval de 2000 da cidade, ap\u00f3s anos sem festa. Com influ\u00eancia dos ritmos afro-mineiros e do Reinado, o grupo faz releituras utilizando instrumentos de percuss\u00e3o convencionais e espec\u00edficos das guardas tradicionais. Com sua musicalidade \u00fanica, o Bloco Oficina Tambolel\u00ea valoriza a cultura do Reinado de Minas Gerais, resistindo e contribuindo para a realiza\u00e7\u00e3o de novos carnavais.<\/p>\n<p>SILVIA GOMES \u00e9 uma cantora que apresenta uma fus\u00e3o \u00fanica de sonoridades e cujo canto ecoa elementos da cultura Afro. Com tr\u00eas \u00e1lbuns lan\u00e7ados, incluindo o mais recente &#8220;Canto pra Recome\u00e7ar&#8221; (2023), sua jornada art\u00edstica \u00e9 um reflexo vibrante deste legado musical. Reconhecida como principal int\u00e9rprete da obra do compositor Mestre Jonas, mant\u00e9m viva sua m\u00fasica atrav\u00e9s do show &#8220;Santo Forte: Silvia canta Jonas&#8221;. Seu trabalho mais recente, &#8220;Senhora Negra Aparecida&#8221;, estreou na semana do Reinado de Ouro Preto em 2024, honrando o sagrado feminino. Com profundo respeito pela heran\u00e7a musical, Silvia Gomes busca a comunh\u00e3o atrav\u00e9s do samba, refletindo uma jornada de lutas e resist\u00eancia em prol de um mundo melhor.<\/p>\n<\/blockquote>\n<div><span style=\"background-color: transparent; color: var( --e-global-color-1fcabd6 ); font-family: var( --e-global-typography-secondary-font-family ), Sans-serif; font-weight: var( --e-global-typography-secondary-font-weight ); font-size: 1rem;\">Mauricio Tizumba e Grupo Tambor Mineiro (Belo Horizonte-MG) part. Fabiana Cozza (S\u00e3o Paulo-SP)<\/span><\/div>\n<div>\n<blockquote style=\"color: var( --e-global-color-1fcabd6 ); font-family: var( --e-global-typography-secondary-font-family ), Sans-serif; font-size: 1rem; font-weight: var( --e-global-typography-secondary-font-weight );\">\n<p><span style=\"background-color: transparent;\">MAURICIO TIZUMBA \u00e9 ator, compositor, cantor, multiinstrumentista, diretor musical e capit\u00e3o de congado. Estabelece em sua trajet\u00f3ria art\u00edstica o di\u00e1logo entre diversas linguagens e entre a arte e as manifesta\u00e7\u00f5es populares tradicionais da cultura afro-brasileira e afro-mineira. Excursionou por EUA, Canad\u00e1 e Europa, representando Minas Gerais no \u201cAno do Brasil na Fran\u00e7a\u201d e no Landesmusikakademie Berlim. Formado pelo Teatro Universit\u00e1rio da UFMG, atuou em v\u00e1rios espet\u00e1culos, incluindo &#8220;Bituca&#8221; e &#8220;Galanga Chico Rei&#8221;. Fundou a Cia. Burlantins e o Espa\u00e7o Cultural Tambor Mineiro, e idealizou a Mostra Benjamin de Oliveira. Recebeu o Pr\u00eamio Shell de Teatro (2024) por sua atua\u00e7\u00e3o em &#8220;Viva o Povo Brasileiro (De Na\u00ea a Daf\u00e9)&#8221;.<\/span><\/p>\n<\/blockquote>\n<blockquote style=\"color: var( --e-global-color-1fcabd6 ); font-family: var( --e-global-typography-secondary-font-family ), Sans-serif; font-size: 1rem; font-weight: var( --e-global-typography-secondary-font-weight );\">\n<p>BLOCO TAMBOR MINEIRO, criado a partir das oficinas de Maur\u00edcio Tizumba, apresenta repert\u00f3rio influenciado pelo Congado de Minas, com caixas de congado, patangomes e gungas. As vozes femininas e masculinas se unem ao batuque congadeiro, com alegria e sensibilidade.<\/p>\n<\/blockquote>\n<blockquote style=\"color: var( --e-global-color-1fcabd6 ); font-family: var( --e-global-typography-secondary-font-family ), Sans-serif; font-size: 1rem; font-weight: var( --e-global-typography-secondary-font-weight );\">\n<p>FABIANA COZZA \u00e9 cantora, jornalista e mestre em Fonoaudiologia pela PUC-SP. Deixou o jornalismo para seguir sua carreira art\u00edstica como int\u00e9rprete, atuando tamb\u00e9m no teatro e na dan\u00e7a. Estudou dan\u00e7as brasileiras e canto popular, destacando-se como uma das principais vozes da m\u00fasica brasileira contempor\u00e2nea. Com sete \u00e1lbuns lan\u00e7ados e colabora\u00e7\u00f5es internacionais, recebeu dois Pr\u00eamios da M\u00fasica Brasileira. Sua m\u00fasica, destacada por sua interpreta\u00e7\u00e3o e profundidade, j\u00e1 percorreu festivais ao redor do mundo. Como curadora art\u00edstica, contribui para projetos culturais, e ministra oficinas e workshops sobre voz e interpreta\u00e7\u00e3o, cultura afro-brasileira, empreendedorismo negro.<\/p>\n<\/blockquote>\n<\/div>\n<div>\n<div style=\"color: var( --e-global-color-1fcabd6 ); font-family: var( --e-global-typography-secondary-font-family ), Sans-serif; font-size: 1rem; font-weight: var( --e-global-typography-secondary-font-weight );\">\n<div>&nbsp;<\/div>\n<\/div>\n<\/div>\t\t\t\t\t\t<\/div>\n\t\t\t\t<\/div>\n\t\t\t\t\t<\/div>\n\t\t<\/div>\n\t\t\t\t\t<\/div>\n\t\t<\/section>\n\t\t\t\t<section class=\"elementor-section elementor-top-section elementor-element elementor-element-4667a87 elementor-section-boxed elementor-section-height-default elementor-section-height-default\" data-id=\"4667a87\" data-element_type=\"section\" data-settings=\"{&quot;background_background&quot;:&quot;classic&quot;}\">\n\t\t\t\t\t\t<div class=\"elementor-container elementor-column-gap-default\">\n\t\t\t\t\t<div class=\"elementor-column elementor-col-100 elementor-top-column elementor-element elementor-element-abf6449\" data-id=\"abf6449\" data-element_type=\"column\">\n\t\t\t<div class=\"elementor-widget-wrap elementor-element-populated\">\n\t\t\t\t\t\t<div class=\"elementor-element elementor-element-65d61d1 elementor-shape-square e-grid-align-mobile-center elementor-grid-0 e-grid-align-center elementor-widget elementor-widget-social-icons\" data-id=\"65d61d1\" data-element_type=\"widget\" data-widget_type=\"social-icons.default\">\n\t\t\t\t<div class=\"elementor-widget-container\">\n\t\t\t\t\t<div class=\"elementor-social-icons-wrapper elementor-grid\">\n\t\t\t\t\t\t\t<span class=\"elementor-grid-item\">\n\t\t\t\t\t<a class=\"elementor-icon elementor-social-icon elementor-social-icon-facebook elementor-repeater-item-d533e3a\" href=\"https:\/\/www.facebook.com\/festejotambormineiro\/\" target=\"_blank\">\n\t\t\t\t\t\t<span class=\"elementor-screen-only\">Facebook<\/span>\n\t\t\t\t\t\t<i class=\"fab fa-facebook\"><\/i>\t\t\t\t\t<\/a>\n\t\t\t\t<\/span>\n\t\t\t\t\t\t\t<span class=\"elementor-grid-item\">\n\t\t\t\t\t<a class=\"elementor-icon elementor-social-icon elementor-social-icon-instagram elementor-repeater-item-a60936e\" href=\"https:\/\/www.instagram.com\/festejotambormineiro\/\" target=\"_blank\">\n\t\t\t\t\t\t<span class=\"elementor-screen-only\">Instagram<\/span>\n\t\t\t\t\t\t<i class=\"fab fa-instagram\"><\/i>\t\t\t\t\t<\/a>\n\t\t\t\t<\/span>\n\t\t\t\t\t\t\t<span class=\"elementor-grid-item\">\n\t\t\t\t\t<a class=\"elementor-icon elementor-social-icon elementor-social-icon-youtube elementor-repeater-item-b6eb838\" href=\"https:\/\/www.youtube.com\/festejotambormineiro\" target=\"_blank\">\n\t\t\t\t\t\t<span class=\"elementor-screen-only\">Youtube<\/span>\n\t\t\t\t\t\t<i class=\"fab fa-youtube\"><\/i>\t\t\t\t\t<\/a>\n\t\t\t\t<\/span>\n\t\t\t\t\t\t\t<span class=\"elementor-grid-item\">\n\t\t\t\t\t<a class=\"elementor-icon elementor-social-icon elementor-social-icon-envelope elementor-repeater-item-d431c3a\" href=\"mailto:festejo@napele.com.br\" target=\"_blank\">\n\t\t\t\t\t\t<span class=\"elementor-screen-only\">Envelope<\/span>\n\t\t\t\t\t\t<i class=\"fas fa-envelope\"><\/i>\t\t\t\t\t<\/a>\n\t\t\t\t<\/span>\n\t\t\t\t\t<\/div>\n\t\t\t\t<\/div>\n\t\t\t\t<\/div>\n\t\t\t\t<div class=\"elementor-element elementor-element-0cf12f8 elementor-widget elementor-widget-text-editor\" data-id=\"0cf12f8\" data-element_type=\"widget\" data-widget_type=\"text-editor.default\">\n\t\t\t\t<div class=\"elementor-widget-container\">\n\t\t\t\t\t\t\t<p>festejo@napele.com.br<\/p>\t\t\t\t\t\t<\/div>\n\t\t\t\t<\/div>\n\t\t\t\t\t<\/div>\n\t\t<\/div>\n\t\t\t\t\t<\/div>\n\t\t<\/section>\n\t\t\t\t<section class=\"elementor-section elementor-top-section elementor-element elementor-element-84a3bc5 elementor-section-boxed elementor-section-height-default elementor-section-height-default\" data-id=\"84a3bc5\" data-element_type=\"section\" data-settings=\"{&quot;background_background&quot;:&quot;classic&quot;}\">\n\t\t\t\t\t\t<div class=\"elementor-container elementor-column-gap-default\">\n\t\t\t\t\t<div class=\"elementor-column elementor-col-100 elementor-top-column elementor-element elementor-element-86f9b47\" data-id=\"86f9b47\" data-element_type=\"column\">\n\t\t\t<div class=\"elementor-widget-wrap elementor-element-populated\">\n\t\t\t\t\t\t<div class=\"elementor-element elementor-element-37a85e6 elementor-widget elementor-widget-image\" data-id=\"37a85e6\" data-element_type=\"widget\" data-widget_type=\"image.default\">\n\t\t\t\t<div class=\"elementor-widget-container\">\n\t\t\t\t\t\t\t\t\t\t\t\t\t<img fetchpriority=\"high\" decoding=\"async\" width=\"800\" height=\"118\" src=\"https:\/\/festejo.art.br\/2024\/ouro-preto\/wp-content\/uploads\/2024\/04\/regua_patrocinio-1024x151.png\" class=\"attachment-large size-large wp-image-1409\" alt=\"\" srcset=\"https:\/\/festejo.art.br\/2024\/ouro-preto\/wp-content\/uploads\/2024\/04\/regua_patrocinio-1024x151.png 1024w, https:\/\/festejo.art.br\/2024\/ouro-preto\/wp-content\/uploads\/2024\/04\/regua_patrocinio-300x44.png 300w, https:\/\/festejo.art.br\/2024\/ouro-preto\/wp-content\/uploads\/2024\/04\/regua_patrocinio-768x113.png 768w, https:\/\/festejo.art.br\/2024\/ouro-preto\/wp-content\/uploads\/2024\/04\/regua_patrocinio.png 1146w\" sizes=\"(max-width: 800px) 100vw, 800px\" \/>\t\t\t\t\t\t\t\t\t\t\t\t\t<\/div>\n\t\t\t\t<\/div>\n\t\t\t\t\t<\/div>\n\t\t<\/div>\n\t\t\t\t\t<\/div>\n\t\t<\/section>\n\t\t\t\t<\/div>\n\t\t","protected":false},"excerpt":{"rendered":"<p>programa\u00e7\u00e3o FESTEJO DO TAMBOR MINEIRO .&nbsp;edi\u00e7\u00e3o Ouro Preto Vila da Chapada (perto de Lavras Novas) 19\/5, domingo, a partir das 9h Gratuito Classifica\u00e7\u00e3o livre MANH\u00c3 >>> REINADOS Guarda de Mo\u00e7ambique e Guarda de Congo de S\u00e3o Benedito de Nossa Senhora do Ros\u00e1rio &#8211; Irmandade do Jatob\u00e1 (Belo Horizonte-MG) Guarda de Mo\u00e7ambique do Divino do Reino [&hellip;]<\/p>\n","protected":false},"author":1,"featured_media":0,"parent":0,"menu_order":0,"comment_status":"closed","ping_status":"closed","template":"elementor_header_footer","meta":{"footnotes":""},"_links":{"self":[{"href":"https:\/\/festejo.art.br\/2024\/ouro-preto\/wp-json\/wp\/v2\/pages\/1356"}],"collection":[{"href":"https:\/\/festejo.art.br\/2024\/ouro-preto\/wp-json\/wp\/v2\/pages"}],"about":[{"href":"https:\/\/festejo.art.br\/2024\/ouro-preto\/wp-json\/wp\/v2\/types\/page"}],"author":[{"embeddable":true,"href":"https:\/\/festejo.art.br\/2024\/ouro-preto\/wp-json\/wp\/v2\/users\/1"}],"replies":[{"embeddable":true,"href":"https:\/\/festejo.art.br\/2024\/ouro-preto\/wp-json\/wp\/v2\/comments?post=1356"}],"version-history":[{"count":22,"href":"https:\/\/festejo.art.br\/2024\/ouro-preto\/wp-json\/wp\/v2\/pages\/1356\/revisions"}],"predecessor-version":[{"id":1562,"href":"https:\/\/festejo.art.br\/2024\/ouro-preto\/wp-json\/wp\/v2\/pages\/1356\/revisions\/1562"}],"wp:attachment":[{"href":"https:\/\/festejo.art.br\/2024\/ouro-preto\/wp-json\/wp\/v2\/media?parent=1356"}],"curies":[{"name":"wp","href":"https:\/\/api.w.org\/{rel}","templated":true}]}}