{"id":696,"date":"2021-08-16T12:42:05","date_gmt":"2021-08-16T15:42:05","guid":{"rendered":"https:\/\/festejo.art.br\/?page_id=696"},"modified":"2024-04-20T17:46:37","modified_gmt":"2024-04-20T20:46:37","slug":"patrocinio","status":"publish","type":"page","link":"https:\/\/festejo.art.br\/2024\/ouro-preto\/patrocinio\/","title":{"rendered":"Patroc\u00ednio"},"content":{"rendered":"\t\t<div data-elementor-type=\"wp-page\" data-elementor-id=\"696\" class=\"elementor elementor-696\">\n\t\t\t\t\t\t<section class=\"elementor-section elementor-top-section elementor-element elementor-element-4fca988 elementor-section-height-min-height elementor-section-items-top elementor-section-boxed elementor-section-height-default\" data-id=\"4fca988\" data-element_type=\"section\" data-settings=\"{&quot;background_background&quot;:&quot;classic&quot;}\">\n\t\t\t\t\t\t<div class=\"elementor-container elementor-column-gap-no\">\n\t\t\t\t\t<div class=\"elementor-column elementor-col-100 elementor-top-column elementor-element elementor-element-3d0857c\" data-id=\"3d0857c\" data-element_type=\"column\" data-settings=\"{&quot;background_background&quot;:&quot;classic&quot;}\">\n\t\t\t<div class=\"elementor-widget-wrap elementor-element-populated\">\n\t\t\t\t\t\t<section class=\"elementor-section elementor-inner-section elementor-element elementor-element-aa632d4 elementor-section-height-min-height elementor-section-boxed elementor-section-height-default\" data-id=\"aa632d4\" data-element_type=\"section\">\n\t\t\t\t\t\t<div class=\"elementor-container elementor-column-gap-default\">\n\t\t\t\t\t<div class=\"elementor-column elementor-col-100 elementor-inner-column elementor-element elementor-element-57709f2\" data-id=\"57709f2\" data-element_type=\"column\">\n\t\t\t<div class=\"elementor-widget-wrap elementor-element-populated\">\n\t\t\t\t\t\t<div class=\"elementor-element elementor-element-a53e7e7 elementor-widget elementor-widget-heading\" data-id=\"a53e7e7\" data-element_type=\"widget\" data-widget_type=\"heading.default\">\n\t\t\t\t<div class=\"elementor-widget-container\">\n\t\t\t<h2 class=\"elementor-heading-title elementor-size-default\">PATROC\u00cdNIO<\/h2>\t\t<\/div>\n\t\t\t\t<\/div>\n\t\t\t\t<div class=\"elementor-element elementor-element-cade422 elementor-widget elementor-widget-text-editor\" data-id=\"cade422\" data-element_type=\"widget\" data-widget_type=\"text-editor.default\">\n\t\t\t\t<div class=\"elementor-widget-container\">\n\t\t\t\t\t\t\t<p>Esta edi\u00e7\u00e3o \u00e9 realizada com recursos da <strong>Lei Federal de Incentivo \u00e0 Cultura<\/strong> e patroc\u00ednio do <strong>Instituto Cultural Vale<\/strong>.<\/p><p>O <strong>Instituto Cultural Vale<\/strong> parte do princ\u00edpio de que viver a cultura possibilita \u00e0s pessoas ampliarem sua vis\u00e3o de mundo e criarem novas perspectivas de futuro. Tem um importante papel na transforma\u00e7\u00e3o social e busca democratizar o acesso, fomentar a arte, a cultura, o conhecimento e a difus\u00e3o de diversas express\u00f5es art\u00edsticas do nosso pa\u00eds, ao mesmo tempo em que contribui para o fortalecimento da economia criativa. Nos anos 2020-2022, o Instituto Cultural Vale patrocinou mais de 600 projetos em mais de 24 estados e no Distrito Federal. Dentre eles, uma rede de espa\u00e7os culturais pr\u00f3prios, patrocinados via Lei Federal de Incentivo \u00e0 Cultura, com visita\u00e7\u00e3o gratuita, identidade e voca\u00e7\u00e3o \u00fanicas: Memorial Minas Gerais Vale (MG), Museu Vale (ES), Centro Cultural Vale Maranh\u00e3o (MA) e Casa da Cultura de Cana\u00e3 dos Caraj\u00e1s (PA). Onde tem Cultura, a Vale est\u00e1. Visite o site do Instituto Cultural Vale: institutoculturalvale.org<\/p>\t\t\t\t\t\t<\/div>\n\t\t\t\t<\/div>\n\t\t\t\t\t<\/div>\n\t\t<\/div>\n\t\t\t\t\t<\/div>\n\t\t<\/section>\n\t\t\t\t\t<\/div>\n\t\t<\/div>\n\t\t\t\t\t<\/div>\n\t\t<\/section>\n\t\t\t\t<section class=\"elementor-section elementor-top-section elementor-element elementor-element-2869b63 elementor-section-boxed elementor-section-height-default elementor-section-height-default\" data-id=\"2869b63\" data-element_type=\"section\" data-settings=\"{&quot;background_background&quot;:&quot;classic&quot;}\">\n\t\t\t\t\t\t<div class=\"elementor-container elementor-column-gap-default\">\n\t\t\t\t\t<div class=\"elementor-column elementor-col-100 elementor-top-column elementor-element elementor-element-8d467c5\" data-id=\"8d467c5\" data-element_type=\"column\">\n\t\t\t<div class=\"elementor-widget-wrap elementor-element-populated\">\n\t\t\t\t\t\t<div class=\"elementor-element elementor-element-3135272 elementor-shape-circle e-grid-align-right e-grid-align-mobile-left elementor-grid-0 elementor-widget elementor-widget-social-icons\" data-id=\"3135272\" data-element_type=\"widget\" data-widget_type=\"social-icons.default\">\n\t\t\t\t<div class=\"elementor-widget-container\">\n\t\t\t\t\t<div class=\"elementor-social-icons-wrapper elementor-grid\">\n\t\t\t\t\t\t\t<span class=\"elementor-grid-item\">\n\t\t\t\t\t<a class=\"elementor-icon elementor-social-icon elementor-social-icon-facebook elementor-repeater-item-d533e3a\" href=\"https:\/\/www.facebook.com\/festejotambormineiro\/\" target=\"_blank\">\n\t\t\t\t\t\t<span class=\"elementor-screen-only\">Facebook<\/span>\n\t\t\t\t\t\t<i class=\"fab fa-facebook\"><\/i>\t\t\t\t\t<\/a>\n\t\t\t\t<\/span>\n\t\t\t\t\t\t\t<span class=\"elementor-grid-item\">\n\t\t\t\t\t<a class=\"elementor-icon elementor-social-icon elementor-social-icon-instagram elementor-repeater-item-a60936e\" href=\"https:\/\/www.instagram.com\/festejotambormineiro\/\" target=\"_blank\">\n\t\t\t\t\t\t<span class=\"elementor-screen-only\">Instagram<\/span>\n\t\t\t\t\t\t<i class=\"fab fa-instagram\"><\/i>\t\t\t\t\t<\/a>\n\t\t\t\t<\/span>\n\t\t\t\t\t\t\t<span class=\"elementor-grid-item\">\n\t\t\t\t\t<a class=\"elementor-icon elementor-social-icon elementor-social-icon-youtube elementor-repeater-item-b6eb838\" href=\"https:\/\/www.youtube.com\/festejotambormineiro\" target=\"_blank\">\n\t\t\t\t\t\t<span class=\"elementor-screen-only\">Youtube<\/span>\n\t\t\t\t\t\t<i class=\"fab fa-youtube\"><\/i>\t\t\t\t\t<\/a>\n\t\t\t\t<\/span>\n\t\t\t\t\t\t\t<span class=\"elementor-grid-item\">\n\t\t\t\t\t<a class=\"elementor-icon elementor-social-icon elementor-social-icon-envelope elementor-repeater-item-d431c3a\" href=\"mailto:festejo@napele.com.br\" target=\"_blank\">\n\t\t\t\t\t\t<span class=\"elementor-screen-only\">Envelope<\/span>\n\t\t\t\t\t\t<i class=\"fas fa-envelope\"><\/i>\t\t\t\t\t<\/a>\n\t\t\t\t<\/span>\n\t\t\t\t\t<\/div>\n\t\t\t\t<\/div>\n\t\t\t\t<\/div>\n\t\t\t\t<div class=\"elementor-element elementor-element-3173ad1 elementor-widget elementor-widget-text-editor\" data-id=\"3173ad1\" data-element_type=\"widget\" data-widget_type=\"text-editor.default\">\n\t\t\t\t<div class=\"elementor-widget-container\">\n\t\t\t\t\t\t\t<p>festejo@napele.com.br<\/p>\t\t\t\t\t\t<\/div>\n\t\t\t\t<\/div>\n\t\t\t\t\t<\/div>\n\t\t<\/div>\n\t\t\t\t\t<\/div>\n\t\t<\/section>\n\t\t\t\t<section class=\"elementor-section elementor-top-section elementor-element elementor-element-2ae19d9 elementor-section-boxed elementor-section-height-default elementor-section-height-default\" data-id=\"2ae19d9\" data-element_type=\"section\" data-settings=\"{&quot;background_background&quot;:&quot;classic&quot;}\">\n\t\t\t\t\t\t<div class=\"elementor-container elementor-column-gap-default\">\n\t\t\t\t\t<div class=\"elementor-column elementor-col-100 elementor-top-column elementor-element elementor-element-4e4893d\" data-id=\"4e4893d\" data-element_type=\"column\">\n\t\t\t<div class=\"elementor-widget-wrap elementor-element-populated\">\n\t\t\t\t\t\t<div class=\"elementor-element elementor-element-bf8d73b elementor-widget elementor-widget-image\" data-id=\"bf8d73b\" data-element_type=\"widget\" data-widget_type=\"image.default\">\n\t\t\t\t<div class=\"elementor-widget-container\">\n\t\t\t\t\t\t\t\t\t\t\t\t\t<img fetchpriority=\"high\" decoding=\"async\" width=\"800\" height=\"118\" src=\"https:\/\/festejo.art.br\/2024\/ouro-preto\/wp-content\/uploads\/2024\/04\/regua_patrocinio-1024x151.png\" class=\"attachment-large size-large wp-image-1409\" alt=\"\" srcset=\"https:\/\/festejo.art.br\/2024\/ouro-preto\/wp-content\/uploads\/2024\/04\/regua_patrocinio-1024x151.png 1024w, https:\/\/festejo.art.br\/2024\/ouro-preto\/wp-content\/uploads\/2024\/04\/regua_patrocinio-300x44.png 300w, https:\/\/festejo.art.br\/2024\/ouro-preto\/wp-content\/uploads\/2024\/04\/regua_patrocinio-768x113.png 768w, https:\/\/festejo.art.br\/2024\/ouro-preto\/wp-content\/uploads\/2024\/04\/regua_patrocinio.png 1146w\" sizes=\"(max-width: 800px) 100vw, 800px\" \/>\t\t\t\t\t\t\t\t\t\t\t\t\t<\/div>\n\t\t\t\t<\/div>\n\t\t\t\t\t<\/div>\n\t\t<\/div>\n\t\t\t\t\t<\/div>\n\t\t<\/section>\n\t\t\t\t<\/div>\n\t\t","protected":false},"excerpt":{"rendered":"<p>PATROC\u00cdNIO Esta edi\u00e7\u00e3o \u00e9 realizada com recursos da Lei Federal de Incentivo \u00e0 Cultura e patroc\u00ednio do Instituto Cultural Vale. O Instituto Cultural Vale parte do princ\u00edpio de que viver a cultura possibilita \u00e0s pessoas ampliarem sua vis\u00e3o de mundo e criarem novas perspectivas de futuro. Tem um importante papel na transforma\u00e7\u00e3o social e busca [&hellip;]<\/p>\n","protected":false},"author":1,"featured_media":0,"parent":0,"menu_order":0,"comment_status":"closed","ping_status":"closed","template":"elementor_header_footer","meta":{"footnotes":""},"_links":{"self":[{"href":"https:\/\/festejo.art.br\/2024\/ouro-preto\/wp-json\/wp\/v2\/pages\/696"}],"collection":[{"href":"https:\/\/festejo.art.br\/2024\/ouro-preto\/wp-json\/wp\/v2\/pages"}],"about":[{"href":"https:\/\/festejo.art.br\/2024\/ouro-preto\/wp-json\/wp\/v2\/types\/page"}],"author":[{"embeddable":true,"href":"https:\/\/festejo.art.br\/2024\/ouro-preto\/wp-json\/wp\/v2\/users\/1"}],"replies":[{"embeddable":true,"href":"https:\/\/festejo.art.br\/2024\/ouro-preto\/wp-json\/wp\/v2\/comments?post=696"}],"version-history":[{"count":67,"href":"https:\/\/festejo.art.br\/2024\/ouro-preto\/wp-json\/wp\/v2\/pages\/696\/revisions"}],"predecessor-version":[{"id":1446,"href":"https:\/\/festejo.art.br\/2024\/ouro-preto\/wp-json\/wp\/v2\/pages\/696\/revisions\/1446"}],"wp:attachment":[{"href":"https:\/\/festejo.art.br\/2024\/ouro-preto\/wp-json\/wp\/v2\/media?parent=696"}],"curies":[{"name":"wp","href":"https:\/\/api.w.org\/{rel}","templated":true}]}}